{"id":1829,"date":"2023-10-25T10:04:47","date_gmt":"2023-10-25T08:04:47","guid":{"rendered":"http:\/\/mmh.local\/?page_id=1829"},"modified":"2026-03-06T11:40:12","modified_gmt":"2026-03-06T10:40:12","slug":"sitemap","status":"publish","type":"page","link":"https:\/\/www.metamorphouse.ch\/de\/sitemap\/","title":{"rendered":"Sitemap"},"content":{"rendered":"<div data-elementor-type=\"wp-page\" data-elementor-id=\"1829\" class=\"elementor elementor-1829\" data-elementor-post-type=\"page\">\n\t\t\t\t<div class=\"elementor-element elementor-element-5d2a249 e-flex e-con-boxed e-con e-parent\" data-id=\"5d2a249\" data-element_type=\"container\" data-e-type=\"container\">\n\t\t\t\t\t<div class=\"e-con-inner\">\n\t\t\t\t<div class=\"elementor-element elementor-element-5a82fa3 elementor-widget elementor-widget-heading\" data-id=\"5a82fa3\" data-element_type=\"widget\" data-e-type=\"widget\" data-widget_type=\"heading.default\">\n\t\t\t\t<div class=\"elementor-widget-container\">\n\t\t\t\t\t<h2 class=\"elementor-heading-title elementor-size-default\">Sitemap<\/h2>\t\t\t\t<\/div>\n\t\t\t\t<\/div>\n\t\t\t\t<div class=\"elementor-element elementor-element-8b9de5b elementor-widget elementor-widget-sitemap\" data-id=\"8b9de5b\" data-element_type=\"widget\" data-e-type=\"widget\" data-widget_type=\"sitemap.default\">\n\t\t\t\t<div class=\"elementor-widget-container\">\n\t\t\t\t\t<div class=\"elementor-sitemap-wrap\"><div class=\"elementor-sitemap-section\"><h3 class=\"elementor-sitemap-title elementor-sitemap-page-title\">Allgemeines<\/h3><ul class=\"elementor-sitemap-list elementor-sitemap-page-list\"><li class=\"elementor-sitemap-item elementor-sitemap-item-page page_item page-item-50\"><a href=\"https:\/\/www.metamorphouse.ch\/de\/a-propos\/\">A Propos<\/a><\/li><li class=\"elementor-sitemap-item elementor-sitemap-item-page page_item page-item-7168\"><a href=\"https:\/\/www.metamorphouse.ch\/de\/conferences-de-metamorphouse\/\">Vortr\u00e4ge von MetamorpHouse<\/a><\/li><li class=\"elementor-sitemap-item elementor-sitemap-item-page page_item page-item-3433\"><a href=\"https:\/\/www.metamorphouse.ch\/de\/declaration-de-confidentialite\/\">Datenschutzerkl\u00e4rung<\/a><\/li><li class=\"elementor-sitemap-item elementor-sitemap-item-page page_item page-item-7236\"><a href=\"https:\/\/www.metamorphouse.ch\/de\/expertises-de-metamorphouse\/\">Expertisen von MetamorpHouse<\/a><\/li><li class=\"elementor-sitemap-item elementor-sitemap-item-page page_item page-item-2781\"><a href=\"https:\/\/www.metamorphouse.ch\/de\/glossaire\/\">Glossar<\/a><\/li><li class=\"elementor-sitemap-item elementor-sitemap-item-page page_item page-item-15\"><a href=\"https:\/\/www.metamorphouse.ch\/de\/\">Home<\/a><\/li><li class=\"elementor-sitemap-item elementor-sitemap-item-page page_item page-item-1825\"><a href=\"https:\/\/www.metamorphouse.ch\/de\/impressum\/\">Impressum<\/a><\/li><li class=\"elementor-sitemap-item elementor-sitemap-item-page page_item page-item-5356\"><a href=\"https:\/\/www.metamorphouse.ch\/de\/le-livre\/\">Das Buch<\/a><\/li><li class=\"elementor-sitemap-item elementor-sitemap-item-page page_item page-item-1953\"><a href=\"https:\/\/www.metamorphouse.ch\/de\/metamorphouse-dans-les-medias\/\">MetamorpHouse in den Medien<\/a><\/li><li class=\"elementor-sitemap-item elementor-sitemap-item-page page_item page-item-5597\"><a href=\"https:\/\/www.metamorphouse.ch\/de\/partenaires\/\">Partnerschaften<\/a><\/li><li class=\"elementor-sitemap-item elementor-sitemap-item-page page_item page-item-22231\"><a href=\"https:\/\/www.metamorphouse.ch\/de\/pils-reportages\/\">Pils Reportages<\/a><\/li><li class=\"elementor-sitemap-item elementor-sitemap-item-page page_item page-item-3364\"><a href=\"https:\/\/www.metamorphouse.ch\/de\/politique-de-cookies\/\">Cookie-Richtlinie<\/a><\/li><li class=\"elementor-sitemap-item elementor-sitemap-item-page page_item page-item-21351\"><a href=\"https:\/\/www.metamorphouse.ch\/de\/projet-modele\/\">Projet-mod\u00e8le<\/a><\/li><li class=\"elementor-sitemap-item elementor-sitemap-item-page page_item page-item-7159\"><a href=\"https:\/\/www.metamorphouse.ch\/de\/publications-de-metamorphouse\/\">Publikationen von MetamorpHouse<\/a><\/li><li class=\"elementor-sitemap-item elementor-sitemap-item-page page_item page-item-235\"><a href=\"https:\/\/www.metamorphouse.ch\/de\/reutilisation-des-contenus\/\">Weiterverwendung der Inhalte<\/a><\/li><\/ul><\/div><div class=\"elementor-sitemap-section\"><h3 class=\"elementor-sitemap-title elementor-sitemap-post-title\">Artikel<\/h3><ul class=\"elementor-sitemap-list elementor-sitemap-post-list\"><li class=\"elementor-sitemap-item elementor-sitemap-item-post page_item page-item-22101\"><a href=\"https:\/\/www.metamorphouse.ch\/de\/adapter-sa-villa-au-fil-de-la-vie\/\">Adapter sa villa au fil de la vie\u200b<\/a><\/li><li class=\"elementor-sitemap-item elementor-sitemap-item-post page_item page-item-1086\"><a href=\"https:\/\/www.metamorphouse.ch\/de\/ajouter-ou-diviser\/\">Hinzuf\u00fcgen oder teilen?<\/a><\/li><li class=\"elementor-sitemap-item elementor-sitemap-item-post page_item page-item-20561\"><a href=\"https:\/\/www.metamorphouse.ch\/de\/ameliorer-empreinte-ecologique\/\">\u00d6kologischen Fussabdruck verbessern<\/a><\/li><li class=\"elementor-sitemap-item elementor-sitemap-item-post page_item page-item-1062\"><a href=\"https:\/\/www.metamorphouse.ch\/de\/acces-et-entrees\/\">Zu- und Eing\u00e4nge gestalten<\/a><\/li><li class=\"elementor-sitemap-item elementor-sitemap-item-post page_item page-item-22212\"><a href=\"https:\/\/www.metamorphouse.ch\/de\/amenager-les-espaces-exterieurs\/\">Aussenr\u00e4ume gestalten<\/a><\/li><li class=\"elementor-sitemap-item elementor-sitemap-item-post page_item page-item-16071\"><a href=\"https:\/\/www.metamorphouse.ch\/de\/couts-benefices\/\">Die Kosten-Nutzen-Analyse<\/a><\/li><li class=\"elementor-sitemap-item elementor-sitemap-item-post page_item page-item-18200 translation-block\">Die Finanzierungsregeln verstehen<\/li><li class=\"elementor-sitemap-item elementor-sitemap-item-post page_item page-item-20224\"><a href=\"https:\/\/www.metamorphouse.ch\/de\/comptabiliser-le-loyer\/\">Die Mieteinnahmen verbuchen<\/a><\/li><li class=\"elementor-sitemap-item elementor-sitemap-item-post page_item page-item-21875\"><a href=\"https:\/\/www.metamorphouse.ch\/de\/distribuer-les-habitations\/\">Wohnungen erschliessen<\/a><\/li><li class=\"elementor-sitemap-item elementor-sitemap-item-post page_item page-item-18914\"><a href=\"https:\/\/www.metamorphouse.ch\/de\/financer-une-subdivision\/\">Finanzierung einer Hausteilung<\/a><\/li><li class=\"elementor-sitemap-item elementor-sitemap-item-post page_item page-item-6496\"><a href=\"https:\/\/www.metamorphouse.ch\/de\/futurs-contenus\/\">K\u00fcnftige Inhalte<\/a><\/li><li class=\"elementor-sitemap-item elementor-sitemap-item-post page_item page-item-20856\"><a href=\"https:\/\/www.metamorphouse.ch\/de\/la-subdivision-coute-et-rapporte\/\">Eine Hausteilung kostet und lohnt sich<\/a><\/li><li class=\"elementor-sitemap-item elementor-sitemap-item-post page_item page-item-19123\"><a href=\"https:\/\/www.metamorphouse.ch\/de\/financement\/\">Die Finanzierung<\/a><\/li><li class=\"elementor-sitemap-item elementor-sitemap-item-post page_item page-item-19403\"><a href=\"https:\/\/www.metamorphouse.ch\/de\/maison-b\/\">Haus B.<\/a><\/li><li class=\"elementor-sitemap-item elementor-sitemap-item-post page_item page-item-7961\"><a href=\"https:\/\/www.metamorphouse.ch\/de\/maison-l\/\">Haus L.<\/a><\/li><li class=\"elementor-sitemap-item elementor-sitemap-item-post page_item page-item-696\"><a href=\"https:\/\/www.metamorphouse.ch\/de\/maison-p\/\">Haus P.<\/a><\/li><li class=\"elementor-sitemap-item elementor-sitemap-item-post page_item page-item-17619\"><a href=\"https:\/\/www.metamorphouse.ch\/de\/maison-s\/\">Haus S.<\/a><\/li><li class=\"elementor-sitemap-item elementor-sitemap-item-post page_item page-item-19895\"><a href=\"https:\/\/www.metamorphouse.ch\/de\/poser-les-bases-du-financement\/\">Die Finanzierung aufgleisen<\/a><\/li><li class=\"elementor-sitemap-item elementor-sitemap-item-post page_item page-item-21594\"><a href=\"https:\/\/www.metamorphouse.ch\/de\/reserves\/\">Reserven kennen<\/a><\/li><\/ul><\/div><\/div>\t\t\t\t<\/div>\n\t\t\t\t<\/div>\n\t\t\t\t<div class=\"elementor-element elementor-element-d8d8319 elementor-widget__width-initial elementor-search-form--skin-classic elementor-search-form--button-type-icon elementor-search-form--icon-search elementor-widget elementor-widget-search-form\" data-id=\"d8d8319\" data-element_type=\"widget\" data-e-type=\"widget\" data-settings=\"{&quot;skin&quot;:&quot;classic&quot;}\" data-widget_type=\"search-form.default\">\n\t\t\t\t<div class=\"elementor-widget-container\">\n\t\t\t\t\t\t\t<search role=\"search\">\n\t\t\t<form class=\"elementor-search-form\" action=\"https:\/\/www.metamorphouse.ch\/de\/\" method=\"get\" data-trp-original-action=\"https:\/\/www.metamorphouse.ch\/de\">\n\t\t\t\t\t\t\t\t\t\t\t\t<div class=\"elementor-search-form__container\">\n\t\t\t\t\t<label class=\"elementor-screen-only\" for=\"elementor-search-form-d8d8319\">Search<\/label>\n\n\t\t\t\t\t\n\t\t\t\t\t<input id=\"elementor-search-form-d8d8319\" placeholder=\"Suchen ...\" class=\"elementor-search-form__input\" type=\"search\" name=\"s\" value=\"\">\n\t\t\t\t\t\n\t\t\t\t\t\t\t\t\t\t\t<button class=\"elementor-search-form__submit\" type=\"submit\" aria-label=\"Search\">\n\t\t\t\t\t\t\t\t\t\t\t\t\t\t\t<i aria-hidden=\"true\" class=\"fas fa-search\"><\/i>\t\t\t\t\t\t\t\t\t\t\t\t\t<\/button>\n\t\t\t\t\t\n\t\t\t\t\t\t\t\t\t<\/div>\n\t\t\t<input type=\"hidden\" name=\"trp-form-language\" value=\"de\"\/><\/form>\n\t\t<\/search>\n\t\t\t\t\t\t<\/div>\n\t\t\t\t<\/div>\n\t\t\t\t\t<\/div>\n\t\t\t\t<\/div>\n\t\t\t\t<\/div>","protected":false},"excerpt":{"rendered":"<p>Plan du site Le site est compos\u00e9 de deux parties bien distinctes Transformer sa villa A propos Ajouter ou diviser? (vid\u00e9o) Am\u00e9liorer l&#8217;empreinte \u00e9cologique (vid\u00e9o) Am\u00e9nager acc\u00e8s et entr\u00e9es (vid\u00e9o) Analyse co\u00fbts-b\u00e9n\u00e9fices (vid\u00e9o) Comprendre les r\u00e8gles de financement (vid\u00e9o) Comptabiliser le loyer (vid\u00e9o) Conna\u00eetre ses r\u00e9serves (vid\u00e9o) Conf\u00e9rences de M\u00e9tamorpHouse D\u00e9claration de confidentialit\u00e9 Expertises de [&hellip;]<\/p>\n","protected":false},"author":1,"featured_media":0,"parent":0,"menu_order":0,"comment_status":"closed","ping_status":"closed","template":"","meta":{"footnotes":""},"class_list":["post-1829","page","type-page","status-publish","hentry"],"_links":{"self":[{"href":"https:\/\/www.metamorphouse.ch\/de\/wp-json\/wp\/v2\/pages\/1829","targetHints":{"allow":["GET"]}}],"collection":[{"href":"https:\/\/www.metamorphouse.ch\/de\/wp-json\/wp\/v2\/pages"}],"about":[{"href":"https:\/\/www.metamorphouse.ch\/de\/wp-json\/wp\/v2\/types\/page"}],"author":[{"embeddable":true,"href":"https:\/\/www.metamorphouse.ch\/de\/wp-json\/wp\/v2\/users\/1"}],"replies":[{"embeddable":true,"href":"https:\/\/www.metamorphouse.ch\/de\/wp-json\/wp\/v2\/comments?post=1829"}],"version-history":[{"count":60,"href":"https:\/\/www.metamorphouse.ch\/de\/wp-json\/wp\/v2\/pages\/1829\/revisions"}],"predecessor-version":[{"id":21810,"href":"https:\/\/www.metamorphouse.ch\/de\/wp-json\/wp\/v2\/pages\/1829\/revisions\/21810"}],"wp:attachment":[{"href":"https:\/\/www.metamorphouse.ch\/de\/wp-json\/wp\/v2\/media?parent=1829"}],"curies":[{"name":"wp","href":"https:\/\/api.w.org\/{rel}","templated":true}]}}