{"id":21351,"date":"2026-02-04T15:51:05","date_gmt":"2026-02-04T14:51:05","guid":{"rendered":"https:\/\/www.metamorphouse.ch\/?page_id=21351"},"modified":"2026-05-08T15:41:29","modified_gmt":"2026-05-08T14:41:29","slug":"projet-modele","status":"publish","type":"page","link":"https:\/\/www.metamorphouse.ch\/de\/projet-modele\/","title":{"rendered":"Projet-mod\u00e8le"},"content":{"rendered":"<div data-elementor-type=\"wp-page\" data-elementor-id=\"21351\" class=\"elementor elementor-21351\" data-elementor-post-type=\"page\">\n\t\t\t\t<div class=\"elementor-element elementor-element-086145e e-flex e-con-boxed e-con e-parent\" data-id=\"086145e\" data-element_type=\"container\" data-e-type=\"container\">\n\t\t\t\t\t<div class=\"e-con-inner\">\n\t\t<div class=\"elementor-element elementor-element-7fb53ab e-con-full e-flex e-con e-child\" data-id=\"7fb53ab\" data-element_type=\"container\" data-e-type=\"container\">\n\t\t<div class=\"elementor-element elementor-element-25ee77c e-con-full e-flex e-con e-child\" data-id=\"25ee77c\" data-element_type=\"container\" data-e-type=\"container\">\n\t\t\t\t<div class=\"elementor-element elementor-element-70caacd elementor-widget elementor-widget-heading\" data-id=\"70caacd\" data-element_type=\"widget\" data-e-type=\"widget\" data-widget_type=\"heading.default\">\n\t\t\t\t<div class=\"elementor-widget-container\">\n\t\t\t\t\t<h4 class=\"elementor-heading-title elementor-size-default\">Projet-mod\u00e8le pour un d\u00e9veloppement territorial durable 2025-2030\n<\/h4>\t\t\t\t<\/div>\n\t\t\t\t<\/div>\n\t\t\t\t<div class=\"elementor-element elementor-element-e97bb28 elementor-widget elementor-widget-heading\" data-id=\"e97bb28\" data-element_type=\"widget\" data-e-type=\"widget\" data-widget_type=\"heading.default\">\n\t\t\t\t<div class=\"elementor-widget-container\">\n\t\t\t\t\t<h3 class=\"elementor-heading-title elementor-size-default\">Plateforme romande \u2013<p>\nDensification douce et de qualit\u00e9 des quartiers villas<\/h3>\t\t\t\t<\/div>\n\t\t\t\t<\/div>\n\t\t\t\t<\/div>\n\t\t<div class=\"elementor-element elementor-element-1786889 e-con-full e-flex e-con e-child\" data-id=\"1786889\" data-element_type=\"container\" data-e-type=\"container\">\n\t\t\t\t<div class=\"elementor-element elementor-element-314e344 elementor-align-center elementor-widget elementor-widget-button\" data-id=\"314e344\" data-element_type=\"widget\" data-e-type=\"widget\" data-widget_type=\"button.default\">\n\t\t\t\t<div class=\"elementor-widget-container\">\n\t\t\t\t\t\t\t\t\t<div class=\"elementor-button-wrapper\">\n\t\t\t\t\t<a class=\"elementor-button elementor-button-link elementor-size-sm\" href=\"#elementor-action%3Aaction%3Dpopup%3Aopen%26settings%3DeyJpZCI6IjIyNjAwIiwidG9nZ2xlIjpmYWxzZX0%3D\">\n\t\t\t\t\t\t<span class=\"elementor-button-content-wrapper\">\n\t\t\t\t\t\t<span class=\"elementor-button-icon\">\n\t\t\t\t<i aria-hidden=\"true\" class=\"far fa-newspaper\"><\/i>\t\t\t<\/span>\n\t\t\t\t\t\t\t\t\t<span class=\"elementor-button-text\">Newsletter<\/span>\n\t\t\t\t\t<\/span>\n\t\t\t\t\t<\/a>\n\t\t\t\t<\/div>\n\t\t\t\t\t\t\t\t<\/div>\n\t\t\t\t<\/div>\n\t\t\t\t<\/div>\n\t\t\t\t<\/div>\n\t\t\t\t<div class=\"elementor-element elementor-element-e9f7987 elementor-widget-divider--view-line elementor-widget elementor-widget-divider\" data-id=\"e9f7987\" data-element_type=\"widget\" data-e-type=\"widget\" data-widget_type=\"divider.default\">\n\t\t\t\t<div class=\"elementor-widget-container\">\n\t\t\t\t\t\t\t<div class=\"elementor-divider\">\n\t\t\t<span class=\"elementor-divider-separator\">\n\t\t\t\t\t\t<\/span>\n\t\t<\/div>\n\t\t\t\t\t\t<\/div>\n\t\t\t\t<\/div>\n\t\t<div class=\"elementor-element elementor-element-0052da0 e-con-full e-flex e-con e-child\" data-id=\"0052da0\" data-element_type=\"container\" data-e-type=\"container\">\n\t\t\t\t<div class=\"elementor-element elementor-element-484b190 elementor-widget elementor-widget-heading\" data-id=\"484b190\" data-element_type=\"widget\" data-e-type=\"widget\" data-widget_type=\"heading.default\">\n\t\t\t\t<div class=\"elementor-widget-container\">\n\t\t\t\t\t<h2 class=\"elementor-heading-title elementor-size-default\">Fichiers<\/h2>\t\t\t\t<\/div>\n\t\t\t\t<\/div>\n\t\t\t\t<div class=\"elementor-element elementor-element-54edfda elementor-widget elementor-widget-wpfd_choose_category\" data-id=\"54edfda\" data-element_type=\"widget\" data-e-type=\"widget\" data-widget_type=\"wpfd_choose_category.default\">\n\t\t\t\t<div class=\"elementor-widget-container\">\n\t\t\t\t\t<div id=\"wpfd-elementor-category\" class=\"wpfd-elementor-category\"><div class=\"wpfd-category-password-protection-container\"><h2 class=\"protected-title\">Protected: Projet-mod\u00e8le<\/h2><form action=\"https:\/\/www.metamorphouse.ch\/wp-admin\/admin-ajax.php?juwpfisadmin=false&action=wpfd&task=file.processPasswordProtection\" class=\"wpfd-password-form\" method=\"post\">\n    <p class=\"message-info\">This content is password protected. To view it please enter your password below:<\/p>\n    <div class=\"password-type-and-submit-section\" data-type=\"category\" data-id=\"86\">\n    <input name=\"wpfd_password_value\" class=\"wpfd-password-value\" id=\"pwbox-86\" type=\"password\" placeholder=\"Password...\" size=\"20\" \/>\n    <input type=\"submit\" name=\"submit\" class=\"wpfd-password-submit btn btn-primary\" value=\"Enter\" \/>\n    <input type=\"hidden\" name=\"wpfd_password_id\" class=\"wpfd-password-id\" value=\"86\"\/>\n    <input type=\"hidden\" name=\"wpfd_password_type\" class=\"wpfd-password-type\" value=\"category\"\/>\n    <input type=\"hidden\" name=\"wpfd_password_category_id\" class=\"wpfd-password-category-id\" value=\"0\"\/><\/div><\/form><\/div><\/div>\t\t\t\t<\/div>\n\t\t\t\t<\/div>\n\t\t\t\t<\/div>\n\t\t<div class=\"elementor-element elementor-element-50d0f99 e-con-full e-flex e-con e-child\" data-id=\"50d0f99\" data-element_type=\"container\" data-e-type=\"container\">\n\t\t\t\t<div class=\"elementor-element elementor-element-c57303e elementor-widget-divider--view-line elementor-widget elementor-widget-divider\" data-id=\"c57303e\" data-element_type=\"widget\" data-e-type=\"widget\" data-widget_type=\"divider.default\">\n\t\t\t\t<div class=\"elementor-widget-container\">\n\t\t\t\t\t\t\t<div class=\"elementor-divider\">\n\t\t\t<span class=\"elementor-divider-separator\">\n\t\t\t\t\t\t<\/span>\n\t\t<\/div>\n\t\t\t\t\t\t<\/div>\n\t\t\t\t<\/div>\n\t\t\t\t<div class=\"elementor-element elementor-element-025905e elementor-widget elementor-widget-heading\" data-id=\"025905e\" data-element_type=\"widget\" data-e-type=\"widget\" data-widget_type=\"heading.default\">\n\t\t\t\t<div class=\"elementor-widget-container\">\n\t\t\t\t\t<h2 class=\"elementor-heading-title elementor-size-default\">Dates agend\u00e9es<\/h2>\t\t\t\t<\/div>\n\t\t\t\t<\/div>\n\t\t\t\t<div class=\"elementor-element elementor-element-3508489 elementor-widget elementor-widget-shortcode\" data-id=\"3508489\" data-element_type=\"widget\" data-e-type=\"widget\" data-widget_type=\"shortcode.default\">\n\t\t\t\t<div class=\"elementor-widget-container\">\n\t\t\t\t\t\t\t<div class=\"elementor-shortcode\">\n<div id=\"tablepress-79-scroll-wrapper\" class=\"tablepress-scroll-wrapper\">\n<table id=\"tablepress-79\" class=\"tablepress tablepress-id-79 tablepress-responsive\">\n<thead>\n<tr class=\"row-1\">\n\t<th class=\"column-1\">Module<\/th><th class=\"column-2\">Type<\/th><th class=\"column-3\">Datum<\/th><th class=\"column-4\">Horaire<\/th><td class=\"column-5\"><\/td>\n<\/tr>\n<\/thead>\n<tbody class=\"row-striping row-hover\">\n<tr class=\"row-2\">\n\t<td class=\"column-1\"><\/td><td class=\"column-2\">Jalon<\/td><td class=\"column-3\">Mercredi 01 avril 2026<\/td><td class=\"column-4\"><\/td><td class=\"column-5\">Programme de la journ\u00e9e M1.1 transmis<\/td>\n<\/tr>\n<tr class=\"row-3\">\n\t<td class=\"column-1\"><\/td><td class=\"column-2\">Jalon<\/td><td class=\"column-3\">Mercredi 13 avril 2026<\/td><td class=\"column-4\"><\/td><td class=\"column-5\">Fin des inscriptions pour la journ\u00e9e M1.1<\/td>\n<\/tr>\n<tr class=\"row-4\">\n\t<td class=\"column-1\">M1.1<\/td><td class=\"column-2\">Journ\u00e9e de lancement<\/td><td class=\"column-3\">Jeudi 7 mai 2026<\/td><td class=\"column-4\">08:30-16:00<\/td><td class=\"column-5\"><\/td>\n<\/tr>\n<tr class=\"row-5\">\n\t<td class=\"column-1\"><strong>M1.10<\/strong><\/td><td class=\"column-2\"><strong>Journ\u00e9e de synth\u00e8se<\/strong><\/td><td class=\"column-3\"><strong>Mercredi 13 janvier 2027<\/strong><\/td><td class=\"column-4\">08:30-17:00<\/td><td class=\"column-5\"><\/td>\n<\/tr>\n<tr class=\"row-6\">\n\t<td class=\"column-1\"><\/td><td class=\"column-2\">Jalon<\/td><td class=\"column-3\">Lundi 01 f\u00e9vrier 2027<\/td><td class=\"column-4\"><\/td><td class=\"column-5\">Les visites dans les communes\/quartiers sont fix\u00e9es pour M2.2-M2.9<\/td>\n<\/tr>\n<tr class=\"row-7\">\n\t<td class=\"column-1\">M2.1<\/td><td class=\"column-2\">Journ\u00e9e de lancement<\/td><td class=\"column-3\">Mardi 16 f\u00e9vrier 2027<\/td><td class=\"column-4\">08:30-17:00<\/td><td class=\"column-5\"><\/td>\n<\/tr>\n<tr class=\"row-8\">\n\t<td class=\"column-1\">M2.10<\/td><td class=\"column-2\">Journ\u00e9e de synth\u00e8se<\/td><td class=\"column-3\">Mardi 5 octobre 2027<\/td><td class=\"column-4\">08:30-17:00<\/td><td class=\"column-5\"><\/td>\n<\/tr>\n<tr class=\"row-9\">\n\t<td class=\"column-1\"><\/td><td class=\"column-2\">Jalon<\/td><td class=\"column-3\">Lundi 01 novembre 2027<\/td><td class=\"column-4\"><\/td><td class=\"column-5\">Les visites dans les communes\/quartiers sont fix\u00e9es pour M3.2-M3.9<\/td>\n<\/tr>\n<tr class=\"row-10\">\n\t<td class=\"column-1\">M3.1<\/td><td class=\"column-2\">Journ\u00e9e de lancement<\/td><td class=\"column-3\">Mardi 16 novembre 2027<\/td><td class=\"column-4\">08:30-17:00<\/td><td class=\"column-5\"><\/td>\n<\/tr>\n<\/tbody>\n<\/table>\n<\/div>\n<\/div>\n\t\t\t\t\t\t<\/div>\n\t\t\t\t<\/div>\n\t\t\t\t<\/div>\n\t\t\t\t<div class=\"elementor-element elementor-element-1de4dc2 elementor-widget-divider--view-line elementor-widget elementor-widget-divider\" data-id=\"1de4dc2\" data-element_type=\"widget\" data-e-type=\"widget\" data-widget_type=\"divider.default\">\n\t\t\t\t<div class=\"elementor-widget-container\">\n\t\t\t\t\t\t\t<div class=\"elementor-divider\">\n\t\t\t<span class=\"elementor-divider-separator\">\n\t\t\t\t\t\t<\/span>\n\t\t<\/div>\n\t\t\t\t\t\t<\/div>\n\t\t\t\t<\/div>\n\t\t\t\t\t<\/div>\n\t\t\t\t<\/div>\n\t\t\t\t<\/div>","protected":false},"excerpt":{"rendered":"<p>Projet-mod\u00e8le pour un d\u00e9veloppement territorial durable 2025-2030 Plateforme romande \u2013 Densification douce et de qualit\u00e9 des quartiers villas Newsletter Fichiers Prot\u00e9g\u00e9:Projet-mod\u00e8le Ce contenu est prot\u00e9g\u00e9 par un mot de passe. Pour le consulter, veuillez entrer votre mot de passe ci-dessous\u00a0: Dates agend\u00e9es<\/p>","protected":false},"author":1,"featured_media":0,"parent":0,"menu_order":0,"comment_status":"closed","ping_status":"closed","template":"","meta":{"footnotes":""},"class_list":["post-21351","page","type-page","status-publish","hentry"],"_links":{"self":[{"href":"https:\/\/www.metamorphouse.ch\/de\/wp-json\/wp\/v2\/pages\/21351","targetHints":{"allow":["GET"]}}],"collection":[{"href":"https:\/\/www.metamorphouse.ch\/de\/wp-json\/wp\/v2\/pages"}],"about":[{"href":"https:\/\/www.metamorphouse.ch\/de\/wp-json\/wp\/v2\/types\/page"}],"author":[{"embeddable":true,"href":"https:\/\/www.metamorphouse.ch\/de\/wp-json\/wp\/v2\/users\/1"}],"replies":[{"embeddable":true,"href":"https:\/\/www.metamorphouse.ch\/de\/wp-json\/wp\/v2\/comments?post=21351"}],"version-history":[{"count":167,"href":"https:\/\/www.metamorphouse.ch\/de\/wp-json\/wp\/v2\/pages\/21351\/revisions"}],"predecessor-version":[{"id":22608,"href":"https:\/\/www.metamorphouse.ch\/de\/wp-json\/wp\/v2\/pages\/21351\/revisions\/22608"}],"wp:attachment":[{"href":"https:\/\/www.metamorphouse.ch\/de\/wp-json\/wp\/v2\/media?parent=21351"}],"curies":[{"name":"wp","href":"https:\/\/api.w.org\/{rel}","templated":true}]}}