{"id":22231,"date":"2026-03-25T17:01:12","date_gmt":"2026-03-25T16:01:12","guid":{"rendered":"https:\/\/www.metamorphouse.ch\/?page_id=22231"},"modified":"2026-03-25T17:20:02","modified_gmt":"2026-03-25T16:20:02","slug":"pils-reportages","status":"publish","type":"page","link":"https:\/\/www.metamorphouse.ch\/de\/pils-reportages\/","title":{"rendered":"Pils Reportages"},"content":{"rendered":"<div data-elementor-type=\"wp-page\" data-elementor-id=\"22231\" class=\"elementor elementor-22231\" data-elementor-post-type=\"page\">\n\t\t\t\t<div class=\"elementor-element elementor-element-597cdfb e-flex e-con-boxed e-con e-parent\" data-id=\"597cdfb\" data-element_type=\"container\" data-e-type=\"container\">\n\t\t\t\t\t<div class=\"e-con-inner\">\n\t\t<a class=\"elementor-element elementor-element-1ebb684 e-con-full no-link e-flex e-con e-child\" data-id=\"1ebb684\" data-element_type=\"container\" data-e-type=\"container\" href=\"https:\/\/www.metamorphouse.ch\/de\/maison-b\/\">\n\t\t<div class=\"elementor-element elementor-element-7f78470 e-con-full e-flex e-con e-child\" data-id=\"7f78470\" data-element_type=\"container\" data-e-type=\"container\" data-settings=\"{&quot;background_background&quot;:&quot;classic&quot;}\">\n\t\t\t\t<\/div>\n\t\t<div class=\"elementor-element elementor-element-394186b e-con-full e-flex e-con e-child\" data-id=\"394186b\" data-element_type=\"container\" data-e-type=\"container\">\n\t\t\t\t<div class=\"elementor-element elementor-element-29660bc elementor-widget elementor-widget-heading\" data-id=\"29660bc\" data-element_type=\"widget\" data-e-type=\"widget\" data-widget_type=\"heading.default\">\n\t\t\t\t<div class=\"elementor-widget-container\">\n\t\t\t\t\t<h3 class=\"elementor-heading-title elementor-size-default\">Haus B.<\/h3>\t\t\t\t<\/div>\n\t\t\t\t<\/div>\n\t\t\t\t<\/div>\n\t\t\t\t<\/a>\n\t\t<a class=\"elementor-element elementor-element-ee36aeb e-con-full no-link e-flex e-con e-child\" data-id=\"ee36aeb\" data-element_type=\"container\" data-e-type=\"container\" href=\"https:\/\/www.metamorphouse.ch\/de\/maison-b\/\">\n\t\t<div class=\"elementor-element elementor-element-88654f1 e-con-full e-flex e-con e-child\" data-id=\"88654f1\" data-element_type=\"container\" data-e-type=\"container\" data-settings=\"{&quot;background_background&quot;:&quot;classic&quot;}\">\n\t\t\t\t<\/div>\n\t\t<div class=\"elementor-element elementor-element-3893b2b e-con-full e-flex e-con e-child\" data-id=\"3893b2b\" data-element_type=\"container\" data-e-type=\"container\">\n\t\t\t\t<div class=\"elementor-element elementor-element-1717b87 elementor-widget elementor-widget-heading\" data-id=\"1717b87\" data-element_type=\"widget\" data-e-type=\"widget\" data-widget_type=\"heading.default\">\n\t\t\t\t<div class=\"elementor-widget-container\">\n\t\t\t\t\t<h3 class=\"elementor-heading-title elementor-size-default\">Haus S.<\/h3>\t\t\t\t<\/div>\n\t\t\t\t<\/div>\n\t\t\t\t<\/div>\n\t\t\t\t<\/a>\n\t\t<a class=\"elementor-element elementor-element-e0b28c1 e-con-full no-link e-flex e-con e-child\" data-id=\"e0b28c1\" data-element_type=\"container\" data-e-type=\"container\" href=\"https:\/\/www.metamorphouse.ch\/de\/maison-b\/\">\n\t\t<div class=\"elementor-element elementor-element-1ccb69d e-con-full e-flex e-con e-child\" data-id=\"1ccb69d\" data-element_type=\"container\" data-e-type=\"container\" data-settings=\"{&quot;background_background&quot;:&quot;classic&quot;}\">\n\t\t\t\t<\/div>\n\t\t<div class=\"elementor-element elementor-element-44614f9 e-con-full e-flex e-con e-child\" data-id=\"44614f9\" data-element_type=\"container\" data-e-type=\"container\">\n\t\t\t\t<div class=\"elementor-element elementor-element-af69bfa elementor-widget elementor-widget-heading\" data-id=\"af69bfa\" data-element_type=\"widget\" data-e-type=\"widget\" data-widget_type=\"heading.default\">\n\t\t\t\t<div class=\"elementor-widget-container\">\n\t\t\t\t\t<h3 class=\"elementor-heading-title elementor-size-default\">Haus L.<\/h3>\t\t\t\t<\/div>\n\t\t\t\t<\/div>\n\t\t\t\t<\/div>\n\t\t\t\t<\/a>\n\t\t<a class=\"elementor-element elementor-element-8e07e09 e-con-full no-link e-flex e-con e-child\" data-id=\"8e07e09\" data-element_type=\"container\" data-e-type=\"container\" href=\"https:\/\/www.metamorphouse.ch\/de\/maison-b\/\">\n\t\t<div class=\"elementor-element elementor-element-85f1486 e-con-full e-flex e-con e-child\" data-id=\"85f1486\" data-element_type=\"container\" data-e-type=\"container\" data-settings=\"{&quot;background_background&quot;:&quot;classic&quot;}\">\n\t\t\t\t<\/div>\n\t\t<div class=\"elementor-element elementor-element-bc2b0e2 e-con-full e-flex e-con e-child\" data-id=\"bc2b0e2\" data-element_type=\"container\" data-e-type=\"container\">\n\t\t\t\t<div class=\"elementor-element elementor-element-9baa7d0 elementor-widget elementor-widget-heading\" data-id=\"9baa7d0\" data-element_type=\"widget\" data-e-type=\"widget\" data-widget_type=\"heading.default\">\n\t\t\t\t<div class=\"elementor-widget-container\">\n\t\t\t\t\t<h3 class=\"elementor-heading-title elementor-size-default\">Haus P.<\/h3>\t\t\t\t<\/div>\n\t\t\t\t<\/div>\n\t\t\t\t<\/div>\n\t\t\t\t<\/a>\n\t\t\t\t\t<\/div>\n\t\t\t\t<\/div>\n\t\t<div class=\"elementor-element elementor-element-0a0a57e e-flex e-con-boxed e-con e-parent\" data-id=\"0a0a57e\" data-element_type=\"container\" data-e-type=\"container\">\n\t\t\t\t\t<div class=\"e-con-inner\">\n\t\t<a class=\"elementor-element elementor-element-4b5a382 e-con-full no-link e-flex e-con e-child\" data-id=\"4b5a382\" data-element_type=\"container\" data-e-type=\"container\" href=\"https:\/\/www.metamorphouse.ch\/de\/maison-p\/\">\n\t\t<div class=\"elementor-element elementor-element-47584d4 e-con-full e-flex e-con e-child\" data-id=\"47584d4\" data-element_type=\"container\" data-e-type=\"container\" data-settings=\"{&quot;background_background&quot;:&quot;classic&quot;}\">\n\t\t\t\t<\/div>\n\t\t<div class=\"elementor-element elementor-element-ecbb424 e-con-full e-flex e-con e-child\" data-id=\"ecbb424\" data-element_type=\"container\" data-e-type=\"container\">\n\t\t\t\t<div class=\"elementor-element elementor-element-09ad3c7 elementor-widget elementor-widget-heading\" data-id=\"09ad3c7\" data-element_type=\"widget\" data-e-type=\"widget\" data-widget_type=\"heading.default\">\n\t\t\t\t<div class=\"elementor-widget-container\">\n\t\t\t\t\t<h3 class=\"elementor-heading-title elementor-size-default\">Erfahrungsbericht<\/h3>\t\t\t\t<\/div>\n\t\t\t\t<\/div>\n\t\t\t\t<div class=\"elementor-element elementor-element-c61797e elementor-widget elementor-widget-heading\" data-id=\"c61797e\" data-element_type=\"widget\" data-e-type=\"widget\" data-widget_type=\"heading.default\">\n\t\t\t\t<div class=\"elementor-widget-container\">\n\t\t\t\t\t<h3 class=\"elementor-heading-title elementor-size-default\">Haus P.<\/h3>\t\t\t\t<\/div>\n\t\t\t\t<\/div>\n\t\t\t\t<div class=\"elementor-element elementor-element-f9b89e6 elementor-widget elementor-widget-heading\" data-id=\"f9b89e6\" data-element_type=\"widget\" data-e-type=\"widget\" data-widget_type=\"heading.default\">\n\t\t\t\t<div class=\"elementor-widget-container\">\n\t\t\t\t\t<h3 class=\"elementor-heading-title elementor-size-default\">Hausteilung und Anbau zum Wohnen und Arbeiten<\/h3>\t\t\t\t<\/div>\n\t\t\t\t<\/div>\n\t\t\t\t<\/div>\n\t\t\t\t<\/a>\n\t\t<a class=\"elementor-element elementor-element-8134c07 e-con-full no-link e-flex e-con e-child\" data-id=\"8134c07\" data-element_type=\"container\" data-e-type=\"container\" href=\"https:\/\/www.metamorphouse.ch\/de\/maison-l\/\">\n\t\t<div class=\"elementor-element elementor-element-cc66911 e-con-full e-flex e-con e-child\" data-id=\"cc66911\" data-element_type=\"container\" data-e-type=\"container\" data-settings=\"{&quot;background_background&quot;:&quot;classic&quot;}\">\n\t\t\t\t<\/div>\n\t\t<div class=\"elementor-element elementor-element-7390aa2 e-con-full e-flex e-con e-child\" data-id=\"7390aa2\" data-element_type=\"container\" data-e-type=\"container\">\n\t\t\t\t<div class=\"elementor-element elementor-element-141dffd elementor-widget elementor-widget-heading\" data-id=\"141dffd\" data-element_type=\"widget\" data-e-type=\"widget\" data-widget_type=\"heading.default\">\n\t\t\t\t<div class=\"elementor-widget-container\">\n\t\t\t\t\t<h3 class=\"elementor-heading-title elementor-size-default\">Erfahrungsbericht<\/h3>\t\t\t\t<\/div>\n\t\t\t\t<\/div>\n\t\t\t\t<div class=\"elementor-element elementor-element-b7d9265 elementor-widget elementor-widget-heading\" data-id=\"b7d9265\" data-element_type=\"widget\" data-e-type=\"widget\" data-widget_type=\"heading.default\">\n\t\t\t\t<div class=\"elementor-widget-container\">\n\t\t\t\t\t<h3 class=\"elementor-heading-title elementor-size-default\">Haus L.<\/h3>\t\t\t\t<\/div>\n\t\t\t\t<\/div>\n\t\t\t\t<div class=\"elementor-element elementor-element-b5391b1 elementor-widget elementor-widget-heading\" data-id=\"b5391b1\" data-element_type=\"widget\" data-e-type=\"widget\" data-widget_type=\"heading.default\">\n\t\t\t\t<div class=\"elementor-widget-container\">\n\t\t\t\t\t<h3 class=\"elementor-heading-title elementor-size-default\">Weiterbauen in Etappen<\/h3>\t\t\t\t<\/div>\n\t\t\t\t<\/div>\n\t\t\t\t<\/div>\n\t\t\t\t<\/a>\n\t\t<a class=\"elementor-element elementor-element-a1a311e e-con-full no-link e-flex e-con e-child\" data-id=\"a1a311e\" data-element_type=\"container\" data-e-type=\"container\" href=\"https:\/\/www.metamorphouse.ch\/de\/maison-s\/\">\n\t\t<div class=\"elementor-element elementor-element-4f88891 e-con-full e-flex e-con e-child\" data-id=\"4f88891\" data-element_type=\"container\" data-e-type=\"container\" data-settings=\"{&quot;background_background&quot;:&quot;classic&quot;}\">\n\t\t\t\t<\/div>\n\t\t<div class=\"elementor-element elementor-element-b97ab88 e-con-full e-flex e-con e-child\" data-id=\"b97ab88\" data-element_type=\"container\" data-e-type=\"container\">\n\t\t\t\t<div class=\"elementor-element elementor-element-fd00b08 elementor-widget elementor-widget-heading\" data-id=\"fd00b08\" data-element_type=\"widget\" data-e-type=\"widget\" data-widget_type=\"heading.default\">\n\t\t\t\t<div class=\"elementor-widget-container\">\n\t\t\t\t\t<h3 class=\"elementor-heading-title elementor-size-default\">Erfahrungsbericht<\/h3>\t\t\t\t<\/div>\n\t\t\t\t<\/div>\n\t\t\t\t<div class=\"elementor-element elementor-element-08c6610 elementor-widget elementor-widget-heading\" data-id=\"08c6610\" data-element_type=\"widget\" data-e-type=\"widget\" data-widget_type=\"heading.default\">\n\t\t\t\t<div class=\"elementor-widget-container\">\n\t\t\t\t\t<h3 class=\"elementor-heading-title elementor-size-default\">Haus S.<\/h3>\t\t\t\t<\/div>\n\t\t\t\t<\/div>\n\t\t\t\t<div class=\"elementor-element elementor-element-d667b16 elementor-widget elementor-widget-heading\" data-id=\"d667b16\" data-element_type=\"widget\" data-e-type=\"widget\" data-widget_type=\"heading.default\">\n\t\t\t\t<div class=\"elementor-widget-container\">\n\t\t\t\t\t<h3 class=\"elementor-heading-title elementor-size-default\">Flexible Wohnkonstellation<\/h3>\t\t\t\t<\/div>\n\t\t\t\t<\/div>\n\t\t\t\t<\/div>\n\t\t\t\t<\/a>\n\t\t<a class=\"elementor-element elementor-element-43e8a58 e-con-full no-link e-flex e-con e-child\" data-id=\"43e8a58\" data-element_type=\"container\" data-e-type=\"container\" href=\"https:\/\/www.metamorphouse.ch\/de\/maison-b\/\">\n\t\t<div class=\"elementor-element elementor-element-dbcedad e-con-full e-flex e-con e-child\" data-id=\"dbcedad\" data-element_type=\"container\" data-e-type=\"container\" data-settings=\"{&quot;background_background&quot;:&quot;classic&quot;}\">\n\t\t\t\t<\/div>\n\t\t<div class=\"elementor-element elementor-element-a075b76 e-con-full e-flex e-con e-child\" data-id=\"a075b76\" data-element_type=\"container\" data-e-type=\"container\">\n\t\t\t\t<div class=\"elementor-element elementor-element-52600c9 elementor-widget elementor-widget-heading\" data-id=\"52600c9\" data-element_type=\"widget\" data-e-type=\"widget\" data-widget_type=\"heading.default\">\n\t\t\t\t<div class=\"elementor-widget-container\">\n\t\t\t\t\t<h3 class=\"elementor-heading-title elementor-size-default\">Erfahrungsbericht<\/h3>\t\t\t\t<\/div>\n\t\t\t\t<\/div>\n\t\t\t\t<div class=\"elementor-element elementor-element-869bed3 elementor-widget elementor-widget-heading\" data-id=\"869bed3\" data-element_type=\"widget\" data-e-type=\"widget\" data-widget_type=\"heading.default\">\n\t\t\t\t<div class=\"elementor-widget-container\">\n\t\t\t\t\t<h3 class=\"elementor-heading-title elementor-size-default\">Haus B.<\/h3>\t\t\t\t<\/div>\n\t\t\t\t<\/div>\n\t\t\t\t<div class=\"elementor-element elementor-element-c352348 elementor-widget elementor-widget-heading\" data-id=\"c352348\" data-element_type=\"widget\" data-e-type=\"widget\" data-widget_type=\"heading.default\">\n\t\t\t\t<div class=\"elementor-widget-container\">\n\t\t\t\t\t<h3 class=\"elementor-heading-title elementor-size-default\">Unterteilen, um zu \u00fcbergeben<\/h3>\t\t\t\t<\/div>\n\t\t\t\t<\/div>\n\t\t\t\t<\/div>\n\t\t\t\t<\/a>\n\t\t\t\t\t<\/div>\n\t\t\t\t<\/div>\n\t\t\t\t<\/div>","protected":false},"excerpt":{"rendered":"<p>Maison B. Maison S. Maison L. Maison P. T\u00e9moignage Maison P. Une villa transform\u00e9e pour y habiter et travailler T\u00e9moignage Maison L. Une villa qui s&rsquo;adapte \u00e0 ses habitant\u00b7e\u00b7s T\u00e9moignage Maison S. Constellation flexible d\u2019habitations T\u00e9moignage Maison B. Subdiviser pour transmettre<\/p>","protected":false},"author":1,"featured_media":0,"parent":0,"menu_order":0,"comment_status":"closed","ping_status":"closed","template":"","meta":{"footnotes":""},"class_list":["post-22231","page","type-page","status-publish","hentry"],"_links":{"self":[{"href":"https:\/\/www.metamorphouse.ch\/de\/wp-json\/wp\/v2\/pages\/22231","targetHints":{"allow":["GET"]}}],"collection":[{"href":"https:\/\/www.metamorphouse.ch\/de\/wp-json\/wp\/v2\/pages"}],"about":[{"href":"https:\/\/www.metamorphouse.ch\/de\/wp-json\/wp\/v2\/types\/page"}],"author":[{"embeddable":true,"href":"https:\/\/www.metamorphouse.ch\/de\/wp-json\/wp\/v2\/users\/1"}],"replies":[{"embeddable":true,"href":"https:\/\/www.metamorphouse.ch\/de\/wp-json\/wp\/v2\/comments?post=22231"}],"version-history":[{"count":7,"href":"https:\/\/www.metamorphouse.ch\/de\/wp-json\/wp\/v2\/pages\/22231\/revisions"}],"predecessor-version":[{"id":22252,"href":"https:\/\/www.metamorphouse.ch\/de\/wp-json\/wp\/v2\/pages\/22231\/revisions\/22252"}],"wp:attachment":[{"href":"https:\/\/www.metamorphouse.ch\/de\/wp-json\/wp\/v2\/media?parent=22231"}],"curies":[{"name":"wp","href":"https:\/\/api.w.org\/{rel}","templated":true}]}}