{"id":235,"date":"2023-10-25T08:12:55","date_gmt":"2023-10-25T06:12:55","guid":{"rendered":"http:\/\/mmh.local\/?page_id=235"},"modified":"2024-02-05T14:07:18","modified_gmt":"2024-02-05T12:07:18","slug":"weiterverwendung-von-inhalten","status":"publish","type":"page","link":"https:\/\/www.metamorphouse.ch\/de\/reutilisation-des-contenus\/","title":{"rendered":"Weiterverwendung der Inhalte"},"content":{"rendered":"<div data-elementor-type=\"wp-page\" data-elementor-id=\"235\" class=\"elementor elementor-235\" data-elementor-post-type=\"page\">\n\t\t\t\t<div class=\"elementor-element elementor-element-f666e3d e-flex e-con-boxed e-con e-parent\" data-id=\"f666e3d\" data-element_type=\"container\" data-e-type=\"container\">\n\t\t\t\t\t<div class=\"e-con-inner\">\n\t\t\t\t<div class=\"elementor-element elementor-element-3a21867 elementor-widget__width-inherit elementor-widget elementor-widget-heading\" data-id=\"3a21867\" data-element_type=\"widget\" data-e-type=\"widget\" data-widget_type=\"heading.default\">\n\t\t\t\t<div class=\"elementor-widget-container\">\n\t\t\t\t\t<h2 class=\"elementor-heading-title elementor-size-default\">Weiterverwendung der Inhalte<\/h2>\t\t\t\t<\/div>\n\t\t\t\t<\/div>\n\t\t\t\t<div class=\"elementor-element elementor-element-e53297b elementor-widget-divider--view-line elementor-widget elementor-widget-divider\" data-id=\"e53297b\" data-element_type=\"widget\" data-e-type=\"widget\" data-widget_type=\"divider.default\">\n\t\t\t\t<div class=\"elementor-widget-container\">\n\t\t\t\t\t\t\t<div class=\"elementor-divider\">\n\t\t\t<span class=\"elementor-divider-separator\">\n\t\t\t\t\t\t<\/span>\n\t\t<\/div>\n\t\t\t\t\t\t<\/div>\n\t\t\t\t<\/div>\n\t\t<div class=\"elementor-element elementor-element-ebd6c89 e-flex e-con-boxed e-con e-child\" data-id=\"ebd6c89\" data-element_type=\"container\" data-e-type=\"container\">\n\t\t\t\t\t<div class=\"e-con-inner\">\n\t\t\t\t<div class=\"elementor-element elementor-element-0269f17 elementor-view-default elementor-widget elementor-widget-icon\" data-id=\"0269f17\" data-element_type=\"widget\" data-e-type=\"widget\" data-widget_type=\"icon.default\">\n\t\t\t\t<div class=\"elementor-widget-container\">\n\t\t\t\t\t\t\t<div class=\"elementor-icon-wrapper\">\n\t\t\t<div class=\"elementor-icon\">\n\t\t\t<i aria-hidden=\"true\" class=\"far fa-copy\"><\/i>\t\t\t<\/div>\n\t\t<\/div>\n\t\t\t\t\t\t<\/div>\n\t\t\t\t<\/div>\n\t\t\t\t<div class=\"elementor-element elementor-element-2143734 elementor-widget elementor-widget-text-editor\" data-id=\"2143734\" data-element_type=\"widget\" data-e-type=\"widget\" data-widget_type=\"text-editor.default\">\n\t\t\t\t<div class=\"elementor-widget-container\">\n\t\t\t\t\t\t\t\t\t<p>Die meisten Inhalte dieser Website k\u00f6nnen weiterverwendet werden\u00a0<b>unter Beachtung der unten stehenden Lizenz<\/b>.\u00a0<a href=\"https:\/\/www.metamorphouse.ch\/de\/a-propos\/\">MetamorpHouse<\/a> <b>ermutigt<\/b> die Weiterverwendung<\/p>\t\t\t\t\t\t\t\t<\/div>\n\t\t\t\t<\/div>\n\t\t\t\t\t<\/div>\n\t\t\t\t<\/div>\n\t\t\t\t<div class=\"elementor-element elementor-element-8e70819 elementor-widget-divider--view-line elementor-widget elementor-widget-divider\" data-id=\"8e70819\" data-element_type=\"widget\" data-e-type=\"widget\" data-widget_type=\"divider.default\">\n\t\t\t\t<div class=\"elementor-widget-container\">\n\t\t\t\t\t\t\t<div class=\"elementor-divider\">\n\t\t\t<span class=\"elementor-divider-separator\">\n\t\t\t\t\t\t<\/span>\n\t\t<\/div>\n\t\t\t\t\t\t<\/div>\n\t\t\t\t<\/div>\n\t\t<div class=\"elementor-element elementor-element-a715221 e-flex e-con-boxed e-con e-child\" data-id=\"a715221\" data-element_type=\"container\" data-e-type=\"container\">\n\t\t\t\t\t<div class=\"e-con-inner\">\n\t\t\t\t<div class=\"elementor-element elementor-element-8dfdf75 elementor-view-default elementor-widget elementor-widget-icon\" data-id=\"8dfdf75\" data-element_type=\"widget\" data-e-type=\"widget\" data-widget_type=\"icon.default\">\n\t\t\t\t<div class=\"elementor-widget-container\">\n\t\t\t\t\t\t\t<div class=\"elementor-icon-wrapper\">\n\t\t\t<div class=\"elementor-icon\">\n\t\t\t<i aria-hidden=\"true\" class=\"far fa-copyright\"><\/i>\t\t\t<\/div>\n\t\t<\/div>\n\t\t\t\t\t\t<\/div>\n\t\t\t\t<\/div>\n\t\t\t\t<div class=\"elementor-element elementor-element-de039f4 elementor-widget elementor-widget-text-editor\" data-id=\"de039f4\" data-element_type=\"widget\" data-e-type=\"widget\" data-widget_type=\"text-editor.default\">\n\t\t\t\t<div class=\"elementor-widget-container\">\n\t\t\t\t\t\t\t\t\t<p>Der Name <b>MetamorpHouse<\/b>&nbsp;<span style=\"letter-spacing: 0.8px; text-align: var(--text-align); color: var( --e-global-color-text ); font-family: var( --e-global-typography-5154eff-font-family ), Sans-serif; font-size: var( --e-global-typography-5154eff-font-size ); font-weight: var( --e-global-typography-5154eff-font-weight ); word-spacing: var( --e-global-typography-5154eff-word-spacing );\">ist als Marke<\/span><span style=\"letter-spacing: 0.8px; text-align: var(--text-align); color: var( --e-global-color-text ); font-family: var( --e-global-typography-5154eff-font-family ), Sans-serif; font-size: var( --e-global-typography-5154eff-font-size ); font-weight: var( --e-global-typography-5154eff-font-weight ); word-spacing: var( --e-global-typography-5154eff-word-spacing );\">&nbsp;<\/span><span style=\"text-align: var(--text-align); color: var( --e-global-color-text ); font-family: var( --e-global-typography-5154eff-font-family ), Sans-serif; font-size: var( --e-global-typography-5154eff-font-size ); font-weight: var( --e-global-typography-5154eff-font-weight ); letter-spacing: var( --e-global-typography-5154eff-letter-spacing ); word-spacing: var( --e-global-typography-5154eff-word-spacing );\">beim Eidgen\u00f6ssischen Institut f\u00fcr Geistiges Eigentum hinterlegt und darf nicht wiederverwendet werden.<\/span><\/p>\t\t\t\t\t\t\t\t<\/div>\n\t\t\t\t<\/div>\n\t\t\t\t\t<\/div>\n\t\t\t\t<\/div>\n\t\t\t\t<div class=\"elementor-element elementor-element-9455381 elementor-widget-divider--view-line elementor-widget elementor-widget-divider\" data-id=\"9455381\" data-element_type=\"widget\" data-e-type=\"widget\" data-widget_type=\"divider.default\">\n\t\t\t\t<div class=\"elementor-widget-container\">\n\t\t\t\t\t\t\t<div class=\"elementor-divider\">\n\t\t\t<span class=\"elementor-divider-separator\">\n\t\t\t\t\t\t<\/span>\n\t\t<\/div>\n\t\t\t\t\t\t<\/div>\n\t\t\t\t<\/div>\n\t\t<div class=\"elementor-element elementor-element-23a392e e-flex e-con-boxed e-con e-child\" data-id=\"23a392e\" data-element_type=\"container\" data-e-type=\"container\">\n\t\t\t\t\t<div class=\"e-con-inner\">\n\t\t\t\t<div class=\"elementor-element elementor-element-2228eb8 elementor-view-default elementor-widget elementor-widget-icon\" data-id=\"2228eb8\" data-element_type=\"widget\" data-e-type=\"widget\" data-widget_type=\"icon.default\">\n\t\t\t\t<div class=\"elementor-widget-container\">\n\t\t\t\t\t\t\t<div class=\"elementor-icon-wrapper\">\n\t\t\t<div class=\"elementor-icon\">\n\t\t\t<i aria-hidden=\"true\" class=\"far fa-copyright\"><\/i>\t\t\t<\/div>\n\t\t<\/div>\n\t\t\t\t\t\t<\/div>\n\t\t\t\t<\/div>\n\t\t\t\t<div class=\"elementor-element elementor-element-d22e273 elementor-widget elementor-widget-text-editor\" data-id=\"d22e273\" data-element_type=\"widget\" data-e-type=\"widget\" data-widget_type=\"text-editor.default\">\n\t\t\t\t<div class=\"elementor-widget-container\">\n\t\t\t\t\t\t\t\t\t\nFalls Elemente (Texte, Bilder, Videos, Illustrationen) einem anderen Copyright unterliegen, sind sie klar gekennzeichnet: \u00a9 Autor, Datum.\t\t\t\t\t\t\t\t<\/div>\n\t\t\t\t<\/div>\n\t\t\t\t\t<\/div>\n\t\t\t\t<\/div>\n\t\t\t\t<div class=\"elementor-element elementor-element-6b597fe elementor-widget-divider--view-line elementor-widget elementor-widget-divider\" data-id=\"6b597fe\" data-element_type=\"widget\" data-e-type=\"widget\" data-widget_type=\"divider.default\">\n\t\t\t\t<div class=\"elementor-widget-container\">\n\t\t\t\t\t\t\t<div class=\"elementor-divider\">\n\t\t\t<span class=\"elementor-divider-separator\">\n\t\t\t\t\t\t<\/span>\n\t\t<\/div>\n\t\t\t\t\t\t<\/div>\n\t\t\t\t<\/div>\n\t\t\t\t<div class=\"elementor-element elementor-element-570449f elementor-widget__width-inherit elementor-widget elementor-widget-heading\" data-id=\"570449f\" data-element_type=\"widget\" data-e-type=\"widget\" data-widget_type=\"heading.default\">\n\t\t\t\t<div class=\"elementor-widget-container\">\n\t\t\t\t\t<h2 class=\"elementor-heading-title elementor-size-default\">Inhalte ohne Copyright-Vermerk<\/h2>\t\t\t\t<\/div>\n\t\t\t\t<\/div>\n\t\t<div class=\"elementor-element elementor-element-5853622 e-flex e-con-boxed e-con e-child\" data-id=\"5853622\" data-element_type=\"container\" data-e-type=\"container\">\n\t\t\t\t\t<div class=\"e-con-inner\">\n\t\t<div class=\"elementor-element elementor-element-6090f17 e-con-full e-flex e-con e-child\" data-id=\"6090f17\" data-element_type=\"container\" data-e-type=\"container\">\n\t\t\t\t<div class=\"elementor-element elementor-element-28a7258 elementor-view-default elementor-widget elementor-widget-icon\" data-id=\"28a7258\" data-element_type=\"widget\" data-e-type=\"widget\" data-widget_type=\"icon.default\">\n\t\t\t\t<div class=\"elementor-widget-container\">\n\t\t\t\t\t\t\t<div class=\"elementor-icon-wrapper\">\n\t\t\t<div class=\"elementor-icon\">\n\t\t\t<i aria-hidden=\"true\" class=\"fab fa-creative-commons\"><\/i>\t\t\t<\/div>\n\t\t<\/div>\n\t\t\t\t\t\t<\/div>\n\t\t\t\t<\/div>\n\t\t\t\t<\/div>\n\t\t<div class=\"elementor-element elementor-element-2ae62f1 e-flex e-con-boxed e-con e-child\" data-id=\"2ae62f1\" data-element_type=\"container\" data-e-type=\"container\">\n\t\t\t\t\t<div class=\"e-con-inner\">\n\t\t\t\t<div class=\"elementor-element elementor-element-8a100df elementor-widget__width-inherit elementor-widget elementor-widget-text-editor\" data-id=\"8a100df\" data-element_type=\"widget\" data-e-type=\"widget\" data-widget_type=\"text-editor.default\">\n\t\t\t\t<div class=\"elementor-widget-container\">\n\t\t\t\t\t\t\t\t\t<h3>Sie d\u00fcrfen:<\/h3>\t\t\t\t\t\t\t\t<\/div>\n\t\t\t\t<\/div>\n\t\t\t\t<div class=\"elementor-element elementor-element-df02521 elementor-widget elementor-widget-text-editor\" data-id=\"df02521\" data-element_type=\"widget\" data-e-type=\"widget\" data-widget_type=\"text-editor.default\">\n\t\t\t\t<div class=\"elementor-widget-container\">\n\t\t\t\t\t\t\t\t\t<p><b>Verbreiten<\/b> \u2014 Kopieren, Verteilen und Kommunizieren des Materials mit allen Mitteln und in allen Formaten.<br \/>Der Anbieter darf die durch die Lizenz gew\u00e4hrten Erlaubnisse nicht zur\u00fcckziehen, solange Sie die Bedingungen der Lizenz einhalten.<\/p>\t\t\t\t\t\t\t\t<\/div>\n\t\t\t\t<\/div>\n\t\t\t\t<div class=\"elementor-element elementor-element-381fcd5 elementor-widget__width-inherit elementor-widget elementor-widget-text-editor\" data-id=\"381fcd5\" data-element_type=\"widget\" data-e-type=\"widget\" data-widget_type=\"text-editor.default\">\n\t\t\t\t<div class=\"elementor-widget-container\">\n\t\t\t\t\t\t\t\t\t<h3>Unter folgenden Bedingungen:<\/h3>\t\t\t\t\t\t\t\t<\/div>\n\t\t\t\t<\/div>\n\t\t\t\t\t<\/div>\n\t\t\t\t<\/div>\n\t\t\t\t\t<\/div>\n\t\t\t\t<\/div>\n\t\t<div class=\"elementor-element elementor-element-6c2511c e-flex e-con-boxed e-con e-child\" data-id=\"6c2511c\" data-element_type=\"container\" data-e-type=\"container\">\n\t\t\t\t\t<div class=\"e-con-inner\">\n\t\t<div class=\"elementor-element elementor-element-a9eb5bd e-con-full e-flex e-con e-child\" data-id=\"a9eb5bd\" data-element_type=\"container\" data-e-type=\"container\">\n\t\t\t\t<div class=\"elementor-element elementor-element-27b6044 elementor-view-default elementor-widget elementor-widget-icon\" data-id=\"27b6044\" data-element_type=\"widget\" data-e-type=\"widget\" data-widget_type=\"icon.default\">\n\t\t\t\t<div class=\"elementor-widget-container\">\n\t\t\t\t\t\t\t<div class=\"elementor-icon-wrapper\">\n\t\t\t<div class=\"elementor-icon\">\n\t\t\t<i aria-hidden=\"true\" class=\"fab fa-creative-commons-by\"><\/i>\t\t\t<\/div>\n\t\t<\/div>\n\t\t\t\t\t\t<\/div>\n\t\t\t\t<\/div>\n\t\t\t\t<\/div>\n\t\t<div class=\"elementor-element elementor-element-12e014c e-flex e-con-boxed e-con e-child\" data-id=\"12e014c\" data-element_type=\"container\" data-e-type=\"container\">\n\t\t\t\t\t<div class=\"e-con-inner\">\n\t\t\t\t<div class=\"elementor-element elementor-element-e8b2f82 elementor-widget elementor-widget-text-editor\" data-id=\"e8b2f82\" data-element_type=\"widget\" data-e-type=\"widget\" data-widget_type=\"text-editor.default\">\n\t\t\t\t<div class=\"elementor-widget-container\">\n\t\t\t\t\t\t\t\t\t<p class=\"translation-block\"><b>Zuschreibung<\/b> \u2014 Sie m\u00fcssen die Urheber des Werks nennen, einen Link zur Lizenz einf\u00fcgen und auf Bearbeitungen des Werks hinweisen. Sie m\u00fcssen diese Informationen mit allen angemessenen und zumutbaren Massnahmen offenlegen, ohne jedoch den Eindruck zu erwecken, der Urheber unterst\u00fctze Sie oder Ihre Nutzung des Werks.<\/p><p>Wir danken Ihnen f\u00fcr die Verwendung der folgenden Zuschreibung:\u00a0<strong>\u00ab <span style=\"color: #f2b949;\">Quelle: MetamorpHouse, www.metamorphouse.ch, Lizenz CC-BY-NC-ND 4.0 <\/span>\u00bb<\/strong><\/p>\t\t\t\t\t\t\t\t<\/div>\n\t\t\t\t<\/div>\n\t\t\t\t\t<\/div>\n\t\t\t\t<\/div>\n\t\t\t\t\t<\/div>\n\t\t\t\t<\/div>\n\t\t<div class=\"elementor-element elementor-element-7729386 e-flex e-con-boxed e-con e-child\" data-id=\"7729386\" data-element_type=\"container\" data-e-type=\"container\">\n\t\t\t\t\t<div class=\"e-con-inner\">\n\t\t<div class=\"elementor-element elementor-element-646d285 e-con-full e-flex e-con e-child\" data-id=\"646d285\" data-element_type=\"container\" data-e-type=\"container\">\n\t\t\t\t<div class=\"elementor-element elementor-element-7817679 elementor-view-default elementor-widget elementor-widget-icon\" data-id=\"7817679\" data-element_type=\"widget\" data-e-type=\"widget\" data-widget_type=\"icon.default\">\n\t\t\t\t<div class=\"elementor-widget-container\">\n\t\t\t\t\t\t\t<div class=\"elementor-icon-wrapper\">\n\t\t\t<div class=\"elementor-icon\">\n\t\t\t<i aria-hidden=\"true\" class=\"fab fa-creative-commons-nc\"><\/i>\t\t\t<\/div>\n\t\t<\/div>\n\t\t\t\t\t\t<\/div>\n\t\t\t\t<\/div>\n\t\t\t\t<\/div>\n\t\t<div class=\"elementor-element elementor-element-19c2004 e-flex e-con-boxed e-con e-child\" data-id=\"19c2004\" data-element_type=\"container\" data-e-type=\"container\">\n\t\t\t\t\t<div class=\"e-con-inner\">\n\t\t\t\t<div class=\"elementor-element elementor-element-9a4f79a elementor-widget elementor-widget-text-editor\" data-id=\"9a4f79a\" data-element_type=\"widget\" data-e-type=\"widget\" data-widget_type=\"text-editor.default\">\n\t\t\t\t<div class=\"elementor-widget-container\">\n\t\t\t\t\t\t\t\t\t<p class=\"translation-block\"><b>Keine kommerzielle Nutzung<\/b> \u2014 Sie sind nicht berechtigt, dieses Werk, das gesamte Material oder Teile davon, kommerziell zu nutzen.<\/p>\t\t\t\t\t\t\t\t<\/div>\n\t\t\t\t<\/div>\n\t\t\t\t\t<\/div>\n\t\t\t\t<\/div>\n\t\t\t\t\t<\/div>\n\t\t\t\t<\/div>\n\t\t<div class=\"elementor-element elementor-element-3f9ffef e-flex e-con-boxed e-con e-child\" data-id=\"3f9ffef\" data-element_type=\"container\" data-e-type=\"container\">\n\t\t\t\t\t<div class=\"e-con-inner\">\n\t\t<div class=\"elementor-element elementor-element-4f5901d e-con-full e-flex e-con e-child\" data-id=\"4f5901d\" data-element_type=\"container\" data-e-type=\"container\">\n\t\t\t\t<div class=\"elementor-element elementor-element-7c2c758 elementor-view-default elementor-widget elementor-widget-icon\" data-id=\"7c2c758\" data-element_type=\"widget\" data-e-type=\"widget\" data-widget_type=\"icon.default\">\n\t\t\t\t<div class=\"elementor-widget-container\">\n\t\t\t\t\t\t\t<div class=\"elementor-icon-wrapper\">\n\t\t\t<div class=\"elementor-icon\">\n\t\t\t<i aria-hidden=\"true\" class=\"fab fa-creative-commons-nd\"><\/i>\t\t\t<\/div>\n\t\t<\/div>\n\t\t\t\t\t\t<\/div>\n\t\t\t\t<\/div>\n\t\t\t\t<\/div>\n\t\t<div class=\"elementor-element elementor-element-cf4f871 e-flex e-con-boxed e-con e-child\" data-id=\"cf4f871\" data-element_type=\"container\" data-e-type=\"container\">\n\t\t\t\t\t<div class=\"e-con-inner\">\n\t\t\t\t<div class=\"elementor-element elementor-element-3a31133 elementor-widget elementor-widget-text-editor\" data-id=\"3a31133\" data-element_type=\"widget\" data-e-type=\"widget\" data-widget_type=\"text-editor.default\">\n\t\t\t\t<div class=\"elementor-widget-container\">\n\t\t\t\t\t\t\t\t\t<p class=\"translation-block\"><b>Keine Bearbeitungen<\/b> \u2014 Falls Sie aus dem urspr\u00fcnglichen Werkmaterial einen Remix machen, es umgestalten oder neu erschaffen, d\u00fcrfen Sie dieses weder verbreiten noch zur Verf\u00fcgung stellen.<\/p>\t\t\t\t\t\t\t\t<\/div>\n\t\t\t\t<\/div>\n\t\t\t\t<div class=\"elementor-element elementor-element-56c8998 elementor-widget elementor-widget-text-editor\" data-id=\"56c8998\" data-element_type=\"widget\" data-e-type=\"widget\" data-widget_type=\"text-editor.default\">\n\t\t\t\t<div class=\"elementor-widget-container\">\n\t\t\t\t\t\t\t\t\t<p class=\"translation-block\"><b>Keine zus\u00e4tzlichen Einschr\u00e4nkungen<\/b> \u2014 Sie d\u00fcrfen keine rechtlichen Einschr\u00e4nkungen oder technischen Massnahmen einf\u00fchren, die andere rechtlich daran hindern, das Werk unter den in der Lizenz beschriebenen Bedingungen zu nutzen.<\/p>\t\t\t\t\t\t\t\t<\/div>\n\t\t\t\t<\/div>\n\t\t\t\t<div class=\"elementor-element elementor-element-fb33b64 elementor-widget elementor-widget-heading\" data-id=\"fb33b64\" data-element_type=\"widget\" data-e-type=\"widget\" data-widget_type=\"heading.default\">\n\t\t\t\t<div class=\"elementor-widget-container\">\n\t\t\t\t\t<h3 class=\"elementor-heading-title elementor-size-default\">Anmerkungen :<\/h3>\t\t\t\t<\/div>\n\t\t\t\t<\/div>\n\t\t\t\t<div class=\"elementor-element elementor-element-3800fa2 elementor-widget elementor-widget-text-editor\" data-id=\"3800fa2\" data-element_type=\"widget\" data-e-type=\"widget\" data-widget_type=\"text-editor.default\">\n\t\t\t\t<div class=\"elementor-widget-container\">\n\t\t\t\t\t\t\t\t\t<p>F\u00fcr Elemente oder Materialien, die zum Gemeingut geh\u00f6ren, oder falls die von Ihnen beabsichtigte Nutzung durch eine Ausnahme abgedeckt ist, sind Sie nicht verpflichtet, die Lizenz einzuhalten.<\/p><p>Es wird keine Garantie gegeben. Es ist m\u00f6glich, dass die Lizenz nicht alle erforderlichen Rechte f\u00fcr die von Ihnen beabsichtigte Nutzung gew\u00e4hrt. Beispielsweise k\u00f6nnen andere Rechte wie Pers\u00f6nlichkeits- und Datenschutzrechte zu beachten sein, die Ihre Nutzung des Materials einschr\u00e4nken.<\/p>\t\t\t\t\t\t\t\t<\/div>\n\t\t\t\t<\/div>\n\t\t\t\t<div class=\"elementor-element elementor-element-51d3666 e-transform elementor-widget elementor-widget-text-editor\" data-id=\"51d3666\" data-element_type=\"widget\" data-e-type=\"widget\" data-settings=\"{&quot;_transform_scaleX_effect&quot;:{&quot;unit&quot;:&quot;px&quot;,&quot;size&quot;:&quot;&quot;,&quot;sizes&quot;:[]},&quot;_transform_scaleX_effect_tablet_extra&quot;:{&quot;unit&quot;:&quot;px&quot;,&quot;size&quot;:&quot;&quot;,&quot;sizes&quot;:[]},&quot;_transform_scaleX_effect_tablet&quot;:{&quot;unit&quot;:&quot;px&quot;,&quot;size&quot;:&quot;&quot;,&quot;sizes&quot;:[]},&quot;_transform_scaleX_effect_mobile&quot;:{&quot;unit&quot;:&quot;px&quot;,&quot;size&quot;:&quot;&quot;,&quot;sizes&quot;:[]},&quot;_transform_scaleY_effect&quot;:{&quot;unit&quot;:&quot;px&quot;,&quot;size&quot;:&quot;&quot;,&quot;sizes&quot;:[]},&quot;_transform_scaleY_effect_tablet_extra&quot;:{&quot;unit&quot;:&quot;px&quot;,&quot;size&quot;:&quot;&quot;,&quot;sizes&quot;:[]},&quot;_transform_scaleY_effect_tablet&quot;:{&quot;unit&quot;:&quot;px&quot;,&quot;size&quot;:&quot;&quot;,&quot;sizes&quot;:[]},&quot;_transform_scaleY_effect_mobile&quot;:{&quot;unit&quot;:&quot;px&quot;,&quot;size&quot;:&quot;&quot;,&quot;sizes&quot;:[]}}\" data-widget_type=\"text-editor.default\">\n\t\t\t\t<div class=\"elementor-widget-container\">\n\t\t\t\t\t\t\t\t\t<p>Dies ist eine lesbar redigierte Zusammenfassung&nbsp;<a href=\"https:\/\/creativecommons.org\/licenses\/by-nc-nd\/4.0\/legalcode.de\" target=\"_blank\" rel=\"noopener\">der Lizenz<\/a>&nbsp;(kein Ersatz <a href=\"https:\/\/creativecommons.org\/licenses\/by-nc-nd\/4.0\/legalcode.de\" target=\"_blank\" rel=\"noopener\">daf\u00fcr<\/a>).<\/p>\t\t\t\t\t\t\t\t<\/div>\n\t\t\t\t<\/div>\n\t\t\t\t\t<\/div>\n\t\t\t\t<\/div>\n\t\t\t\t\t<\/div>\n\t\t\t\t<\/div>\n\t\t\t\t\t<\/div>\n\t\t\t\t<\/div>\n\t\t\t\t<\/div>","protected":false},"excerpt":{"rendered":"<p>R\u00e9utilisation des contenus de ce site La plupart des contenus de ce site peuvent \u00eatre r\u00e9utilis\u00e9s\u00a0dans le respect de la licence ci-dessous.\u00a0L&rsquo;association M\u00e9tamorpHouse encourage cette r\u00e9utilisation. Le nom M\u00e9tamorpHouse&nbsp;(la marque)&nbsp;est d\u00e9pos\u00e9 \u00e0 Institut F\u00e9d\u00e9ral de la Propri\u00e9t\u00e9 Intellectuelle et ne peut donc pas \u00eatre r\u00e9utilis\u00e9. Si certains \u00e9l\u00e9ments (textes, images, vid\u00e9os, illustrations) sont couverts par [&hellip;]<\/p>\n","protected":false},"author":1,"featured_media":0,"parent":0,"menu_order":0,"comment_status":"closed","ping_status":"closed","template":"","meta":{"footnotes":""},"class_list":["post-235","page","type-page","status-publish","hentry"],"_links":{"self":[{"href":"https:\/\/www.metamorphouse.ch\/de\/wp-json\/wp\/v2\/pages\/235","targetHints":{"allow":["GET"]}}],"collection":[{"href":"https:\/\/www.metamorphouse.ch\/de\/wp-json\/wp\/v2\/pages"}],"about":[{"href":"https:\/\/www.metamorphouse.ch\/de\/wp-json\/wp\/v2\/types\/page"}],"author":[{"embeddable":true,"href":"https:\/\/www.metamorphouse.ch\/de\/wp-json\/wp\/v2\/users\/1"}],"replies":[{"embeddable":true,"href":"https:\/\/www.metamorphouse.ch\/de\/wp-json\/wp\/v2\/comments?post=235"}],"version-history":[{"count":0,"href":"https:\/\/www.metamorphouse.ch\/de\/wp-json\/wp\/v2\/pages\/235\/revisions"}],"wp:attachment":[{"href":"https:\/\/www.metamorphouse.ch\/de\/wp-json\/wp\/v2\/media?parent=235"}],"curies":[{"name":"wp","href":"https:\/\/api.w.org\/{rel}","templated":true}]}}