{"id":7159,"date":"2023-10-25T09:16:18","date_gmt":"2023-10-25T07:16:18","guid":{"rendered":"https:\/\/www.metamorphouse.ch\/?page_id=7159"},"modified":"2024-06-14T10:20:33","modified_gmt":"2024-06-14T08:20:33","slug":"publikationen-von-metamorphouse","status":"publish","type":"page","link":"https:\/\/www.metamorphouse.ch\/de\/publications-de-metamorphouse\/","title":{"rendered":"Publikationen von MetamorpHouse"},"content":{"rendered":"<div data-elementor-type=\"wp-page\" data-elementor-id=\"7159\" class=\"elementor elementor-7159\" data-elementor-post-type=\"page\">\n\t\t\t\t<div class=\"elementor-element elementor-element-e269f45 e-flex e-con-boxed e-con e-parent\" data-id=\"e269f45\" data-element_type=\"container\" data-e-type=\"container\">\n\t\t\t\t\t<div class=\"e-con-inner\">\n\t\t<div class=\"elementor-element elementor-element-169fb5c e-con-full e-flex e-con e-child\" data-id=\"169fb5c\" data-element_type=\"container\" data-e-type=\"container\">\n\t\t\t\t<div class=\"elementor-element elementor-element-5a8ebf9 elementor-widget-mobile__width-initial elementor-widget elementor-widget-heading\" data-id=\"5a8ebf9\" data-element_type=\"widget\" data-e-type=\"widget\" data-widget_type=\"heading.default\">\n\t\t\t\t<div class=\"elementor-widget-container\">\n\t\t\t\t\t<h2 class=\"elementor-heading-title elementor-size-default\">Publikationen von MetamorpHouse<\/h2>\t\t\t\t<\/div>\n\t\t\t\t<\/div>\n\t\t\t\t<div class=\"elementor-element elementor-element-644d3ec elementor-widget elementor-widget-button\" data-id=\"644d3ec\" data-element_type=\"widget\" data-e-type=\"widget\" data-widget_type=\"button.default\">\n\t\t\t\t<div class=\"elementor-widget-container\">\n\t\t\t\t\t\t\t\t\t<div class=\"elementor-button-wrapper\">\n\t\t\t\t\t<a class=\"elementor-button elementor-size-xs\" role=\"button\">\n\t\t\t\t\t\t<span class=\"elementor-button-content-wrapper\">\n\t\t\t\t\t\t\t\t\t<span class=\"elementor-button-text\">29<\/span>\n\t\t\t\t\t<\/span>\n\t\t\t\t\t<\/a>\n\t\t\t\t<\/div>\n\t\t\t\t\t\t\t\t<\/div>\n\t\t\t\t<\/div>\n\t\t\t\t<\/div>\n\t\t\t\t<div class=\"elementor-element elementor-element-8d8bb74 elementor-icon-list--layout-traditional elementor-list-item-link-full_width elementor-widget elementor-widget-icon-list\" data-id=\"8d8bb74\" data-element_type=\"widget\" data-e-type=\"widget\" data-widget_type=\"icon-list.default\">\n\t\t\t\t<div class=\"elementor-widget-container\">\n\t\t\t\t\t\t\t<ul class=\"elementor-icon-list-items\">\n\t\t\t\t\t\t\t<li class=\"elementor-icon-list-item\">\n\t\t\t\t\t\t\t\t\t\t\t<a href=\"https:\/\/www.metamorphouse.ch\/de\/metamorphouse-dans-les-medias\/\">\n\n\t\t\t\t\t\t\t\t\t\t\t\t<span class=\"elementor-icon-list-icon\">\n\t\t\t\t\t\t\t<i aria-hidden=\"true\" class=\"fas fa-arrow-right\"><\/i>\t\t\t\t\t\t<\/span>\n\t\t\t\t\t\t\t\t\t\t<span class=\"elementor-icon-list-text\">MetamorpHouse in den Medien<\/span>\n\t\t\t\t\t\t\t\t\t\t\t<\/a>\n\t\t\t\t\t\t\t\t\t<\/li>\n\t\t\t\t\t\t\t\t<li class=\"elementor-icon-list-item\">\n\t\t\t\t\t\t\t\t\t\t\t<span class=\"elementor-icon-list-icon\">\n\t\t\t\t\t\t\t<i aria-hidden=\"true\" class=\"fas fa-arrow-right\"><\/i>\t\t\t\t\t\t<\/span>\n\t\t\t\t\t\t\t\t\t\t<span class=\"elementor-icon-list-text\">Publikationen von MetamorpHouse<\/span>\n\t\t\t\t\t\t\t\t\t<\/li>\n\t\t\t\t\t\t\t\t<li class=\"elementor-icon-list-item\">\n\t\t\t\t\t\t\t\t\t\t\t<a href=\"https:\/\/www.metamorphouse.ch\/de\/expertises-de-metamorphouse\/\">\n\n\t\t\t\t\t\t\t\t\t\t\t\t<span class=\"elementor-icon-list-icon\">\n\t\t\t\t\t\t\t<i aria-hidden=\"true\" class=\"fas fa-arrow-right\"><\/i>\t\t\t\t\t\t<\/span>\n\t\t\t\t\t\t\t\t\t\t<span class=\"elementor-icon-list-text\">Expertisen von MetamorpHouse<\/span>\n\t\t\t\t\t\t\t\t\t\t\t<\/a>\n\t\t\t\t\t\t\t\t\t<\/li>\n\t\t\t\t\t\t\t\t<li class=\"elementor-icon-list-item\">\n\t\t\t\t\t\t\t\t\t\t\t<a href=\"https:\/\/www.metamorphouse.ch\/de\/conferences-de-metamorphouse\/\">\n\n\t\t\t\t\t\t\t\t\t\t\t\t<span class=\"elementor-icon-list-icon\">\n\t\t\t\t\t\t\t<i aria-hidden=\"true\" class=\"fas fa-arrow-right\"><\/i>\t\t\t\t\t\t<\/span>\n\t\t\t\t\t\t\t\t\t\t<span class=\"elementor-icon-list-text\">Vortr\u00e4ge von MetamorpHouse<\/span>\n\t\t\t\t\t\t\t\t\t\t\t<\/a>\n\t\t\t\t\t\t\t\t\t<\/li>\n\t\t\t\t\t\t<\/ul>\n\t\t\t\t\t\t<\/div>\n\t\t\t\t<\/div>\n\t\t\t\t<div class=\"elementor-element elementor-element-e368c73 elementor-icon-list--layout-traditional elementor-list-item-link-full_width elementor-widget elementor-widget-icon-list\" data-id=\"e368c73\" data-element_type=\"widget\" data-e-type=\"widget\" data-widget_type=\"icon-list.default\">\n\t\t\t\t<div class=\"elementor-widget-container\">\n\t\t\t\t\t\t\t<ul class=\"elementor-icon-list-items\">\n\t\t\t\t\t\t\t<li class=\"elementor-icon-list-item\">\n\t\t\t\t\t\t\t\t\t\t\t<span class=\"elementor-icon-list-icon\">\n\t\t\t\t\t\t\t<i aria-hidden=\"true\" class=\"far fa-copyright\"><\/i>\t\t\t\t\t\t<\/span>\n\t\t\t\t\t\t\t\t\t\t<span class=\"elementor-icon-list-text\">Die angef\u00fcgten Dokumente unterliegen ihrem eigenen Copyright.<\/span>\n\t\t\t\t\t\t\t\t\t<\/li>\n\t\t\t\t\t\t<\/ul>\n\t\t\t\t\t\t<\/div>\n\t\t\t\t<\/div>\n\t\t\t\t<div class=\"elementor-element elementor-element-5e336f2 elementor-widget elementor-widget-shortcode\" data-id=\"5e336f2\" data-element_type=\"widget\" data-e-type=\"widget\" data-widget_type=\"shortcode.default\">\n\t\t\t\t<div class=\"elementor-widget-container\">\n\t\t\t\t\t\t\t<div class=\"elementor-shortcode\">\n<div id=\"tablepress-3-scroll-wrapper\" class=\"tablepress-scroll-wrapper\">\n<table id=\"tablepress-3\" class=\"tablepress tablepress-id-3 tablepress-responsive\">\n<thead>\n<tr class=\"row-1\">\n\t<th class=\"column-1\">Datum<\/th><th class=\"column-2\">Sprache<\/th><th class=\"column-3\">Autor<\/th><th class=\"column-4\">Publikation<\/th><th class=\"column-5\">Artikel<\/th>\n<\/tr>\n<\/thead>\n<tbody class=\"row-striping row-hover\" data-no-translation=\"\">\n<tr class=\"row-2\">\n\t<td class=\"column-1\">01.05.24<\/td><td class=\"column-2\">Fr, DE, IT<\/td><td class=\"column-3\">Mariette Beyeler et Lucas Jaunin<\/td><td class=\"column-4\">Montagna 5 2014, pp. 8-9<\/td><td class=\"column-5\"><a href=\"https:\/\/www.metamorphouse.ch\/wp-content\/uploads\/240501_montagna.pdf\" rel=\"noopener\" target=\"_blank\">\u00abLes quartiers de villas sont un r\u00e9servoir immense de logements\u00bb<\/a><\/td>\n<\/tr>\n<tr class=\"row-3\">\n\t<td class=\"column-1\">25.09.23<\/td><td class=\"column-2\">Fr<\/td><td class=\"column-3\">Mariette Beyeler<\/td><td class=\"column-4\">Canton de Berne, URBIplus ENSEMBLE 2\/2023<\/td><td class=\"column-5\"><a href=\"https:\/\/www.metamorphouse.ch\/wp-content\/uploads\/230925_urbiplus_fr.pdf\" rel=\"noopener\" target=\"_blank\">\u00abD\u00e9veloppement vers l\u2019int\u00e9rieur des quartiers de maisons individuelles\u00bb<\/a><\/td>\n<\/tr>\n<tr class=\"row-4\">\n\t<td class=\"column-1\">25.09.23<\/td><td class=\"column-2\">De<\/td><td class=\"column-3\">Mariette Beyeler<\/td><td class=\"column-4\">Kanton  Bern, SEinplus HAND IN HAND 2\/2023<\/td><td class=\"column-5\"><a href=\"https:\/\/www.metamorphouse.ch\/wp-content\/uploads\/230925_urbiplus_fr.pdf\" rel=\"noopener\" target=\"_blank\">\u00abD\u00e9veloppement vers l\u2019int\u00e9rieur des quartiers de maisons individuelles\u00bb<\/a><\/td>\n<\/tr>\n<tr class=\"row-5\">\n\t<td class=\"column-1\">01.10.22<\/td><td class=\"column-2\">De<\/td><td class=\"column-3\">Mariette Beyeler<\/td><td class=\"column-4\">Kanton Zu\u0308rich Baudirektion, Amt fu\u0308r Raumentwicklung, Altersdurchmischtes Wohnen im Kanton Zu\u0308rich, 11\/2022, pp.24-30<\/td><td class=\"column-5\"><a href=\"https:\/\/www.metamorphouse.ch\/wp-content\/uploads\/221001_kanton_zuerich.pdf\" rel=\"noopener\" target=\"_blank\">\u00abWeiterentwicklung bestehender Siedlungs- und Geba\u0308udestrukturen fu\u0308r ku\u0308nftige Lebens\u00ad und Wohnformen einer a\u0308lter werdenden Gesellschaft\u00bb<\/a><\/td>\n<\/tr>\n<tr class=\"row-6\">\n\t<td class=\"column-1\">01.04.21<\/td><td class=\"column-2\">Fr<\/td><td class=\"column-3\">Mariette Beyeler<\/td><td class=\"column-4\">Les \u00e9chos du logement (B), n\u00b0 128, 04\/2021, pp. 52-59<\/td><td class=\"column-5\"><a href=\"https:\/\/www.metamorphouse.ch\/wp-content\/uploads\/210401_edl.pdf\" rel=\"noopener\" target=\"_blank\">\u00abLa densification douce des maisons individuelles\u00bb<\/a><\/td>\n<\/tr>\n<tr class=\"row-7\">\n\t<td class=\"column-1\">01.08.20<\/td><td class=\"column-2\">Fr<\/td><td class=\"column-3\">Mariette Beyeler<\/td><td class=\"column-4\">\u00c9tat de Vaud, Direction g\u00e9n\u00e9rale du territoire et du logement (DGTL), 08\/2020<\/td><td class=\"column-5\"><a href=\"https:\/\/www.metamorphouse.ch\/wp-content\/uploads\/201029_vaud_projet_pilote.pdf\" rel=\"noopener\" target=\"_blank\">\u00abM\u00e9tamorpHouse. Synth\u00e8se du projet-pilote men\u00e9 dans le canton de Vaud\u00bb<\/a> \u2013 <a href=\"http:\/\/www.metamorphouse.ch\/wp-content\/uploads\/180427_flyer_vaud.pdf\">Flyer pour les propri\u00e9taires<\/a><\/td>\n<\/tr>\n<tr class=\"row-8\">\n\t<td class=\"column-1\">01.07.19<\/td><td class=\"column-2\">De<\/td><td class=\"column-3\">Mariette Beyeler<\/td><td class=\"column-4\">Thurgauer Hauseigent\u00fcmer, 07\/2019<\/td><td class=\"column-5\"><a href=\"https:\/\/www.metamorphouse.ch\/wp-content\/uploads\/190701_HEV_Thuragauer.pdf\" rel=\"noopener\" target=\"_blank\">\u00abHauserweiterung eine Win-win-Situation\u00bb<\/a><\/td>\n<\/tr>\n<tr class=\"row-9\">\n\t<td class=\"column-1\">01.01.19<\/td><td class=\"column-2\">De<\/td><td class=\"column-3\">Mariette Beyeler<\/td><td class=\"column-4\">Energiefachbuch 2019, pp. 32-33<\/td><td class=\"column-5\"><\/td>\n<\/tr>\n<tr class=\"row-10\">\n\t<td class=\"column-1\">01.12.18<\/td><td class=\"column-2\">De<\/td><td class=\"column-3\">Mariette Beyeler et Werner H\u00e4ssig<\/td><td class=\"column-4\">EnergieSchweiz, Bundesamt f\u00fcr Energie (BFE), Bundesamt f\u00fcr Wohnungswesen (BWO), 2018<\/td><td class=\"column-5\"><a href=\"https:\/\/www.metamorphouse.ch\/wp-content\/uploads\/181201_energieschweiz_efh.pdf\" rel=\"noopener\" target=\"_blank\">\u00abEmpfehlungen fu\u0308r Energieberater. Einfamilienh\u00e4user: Energiesanierung f\u00fcr bauliche Ver\u00e4nderungen nutzen\u00bb<\/a><\/td>\n<\/tr>\n<tr class=\"row-11\">\n\t<td class=\"column-1\">01.12.18<\/td><td class=\"column-2\">De<\/td><td class=\"column-3\">Mariette Beyeler et Werner H\u00e4ssig<\/td><td class=\"column-4\">EnergieSchweiz, Bundesamt f\u00fcr Energie (BFE), Bundesamt f\u00fcr Wohnungswesen (BWO), 2018<\/td><td class=\"column-5\"><a href=\"https:\/\/www.metamorphouse.ch\/wp-content\/uploads\/181201_energieschweiz_lebensphase.pdf\" rel=\"noopener\" target=\"_blank\">\u00abEmpfehlungen fu\u0308r Eigentu\u0308mer. Das Einfamilienhaus fit fu\u0308r die na\u0308chste Lebensphase machen: Weiterbauen \u2013 Neubauen \u2013 Verkaufen?\u00bb <\/a><\/td>\n<\/tr>\n<tr class=\"row-12\">\n\t<td class=\"column-1\">01.12.18<\/td><td class=\"column-2\">Fr<\/td><td class=\"column-3\">Mariette Beyeler et Werner H\u00e4ssig<\/td><td class=\"column-4\">SuisseEnergie, Office f\u00e9d\u00e9ral de l\u2019\u00e9nergie (OFEN) Office f\u00e9d\u00e9ral du logement (OFL), 2018<\/td><td class=\"column-5\"><a href=\"https:\/\/www.metamorphouse.ch\/wp-content\/uploads\/181201_suisseenergie_fr_maison.pdf\" rel=\"noopener\" target=\"_blank\">\u00abRecommandations pour les conseillers en \u00e9nergie. Maisons individuelles: l\u2019assainissement \u00e9nerg\u00e9tique au service de l\u2019optimisation des b\u00e2timents\u00bb<\/a><\/td>\n<\/tr>\n<tr class=\"row-13\">\n\t<td class=\"column-1\">01.12.18<\/td><td class=\"column-2\">Fr<\/td><td class=\"column-3\">Mariette Beyeler et Werner H\u00e4ssig<\/td><td class=\"column-4\">SuisseEnergie, Office f\u00e9d\u00e9ral de l\u2019\u00e9nergie (OFEN) Office f\u00e9d\u00e9ral du logement (OFL), 2018<\/td><td class=\"column-5\"><a href=\"https:\/\/www.metamorphouse.ch\/wp-content\/uploads\/181201_suisseenergie_fr_top.pdf\" rel=\"noopener\" target=\"_blank\">\u00abRecommandations pour les propri\u00e9taires. Une maison individuelle au top pour l\u2019avenir: Transformer \u2013 construire \u2013 vendre?\u00bb<\/a><\/td>\n<\/tr>\n<tr class=\"row-14\">\n\t<td class=\"column-1\">01.12.18<\/td><td class=\"column-2\">It<\/td><td class=\"column-3\">Mariette Beyeler et Werner H\u00e4ssig<\/td><td class=\"column-4\">SvizzeraEnergia, Ufficio federale dell\u2019energia (UFE), Ufficio federale delle abitazioni (UFAB), 2018<\/td><td class=\"column-5\"><a href=\"https:\/\/www.metamorphouse.ch\/wp-content\/uploads\/181201_energieschweiz_it_case.pdf\" rel=\"noopener\" target=\"_blank\">\u00abConsigli per i consulenti energetici. Case unifamiliari: Sfruttare un risanamento energetico per modifiche costruttive\u00bb<\/a><\/td>\n<\/tr>\n<tr class=\"row-15\">\n\t<td class=\"column-1\">01.12.18<\/td><td class=\"column-2\">It<\/td><td class=\"column-3\">Mariette Beyeler et Werner H\u00e4ssig<\/td><td class=\"column-4\">SvizzeraEnergia, Ufficio federale dell\u2019energia (UFE), Ufficio federale delle abitazioni (UFAB), 2018<\/td><td class=\"column-5\"><a href=\"https:\/\/www.metamorphouse.ch\/wp-content\/uploads\/181201_energieschweiz_it_perfezionare.pdf\" rel=\"noopener\" target=\"_blank\">\u00abConsigli per i proprietari. Perfezionare la casa unifamiliare per la fase successiva della vita: Costruzione continua \u2013 Nuova costruzione \u2013 Vendita?\u00bb<\/a><\/td>\n<\/tr>\n<tr class=\"row-16\">\n\t<td class=\"column-1\">14.05.18<\/td><td class=\"column-2\">Fr<\/td><td class=\"column-3\">Mariette Beyeler<\/td><td class=\"column-4\">REISO, Revue d\u2019information sociale, mise en ligne le 14 mai 2018<\/td><td class=\"column-5\"><a href=\"https:\/\/www.metamorphouse.ch\/wp-content\/uploads\/180514_reiso.pdf\" rel=\"noopener\" target=\"_blank\">\u00abLa maison individuelle se transforme\u00bb<\/a><\/td>\n<\/tr>\n<tr class=\"row-17\">\n\t<td class=\"column-1\">15.03.18<\/td><td class=\"column-2\">De<\/td><td class=\"column-3\">Mariette Beyeler<\/td><td class=\"column-4\">Hauseigent\u00fcmer, Ausgabe N\u00b0 5., 15. April 2018, p. 3<\/td><td class=\"column-5\"><a href=\"https:\/\/www.metamorphouse.ch\/wp-content\/uploads\/180315_hauseigentuemer.pdf\" rel=\"noopener\" target=\"_blank\">\u00abDas Weiterbau-Potenzial im EFH entdecken\u00bb<\/a><\/td>\n<\/tr>\n<tr class=\"row-18\">\n\t<td class=\"column-1\">01.11.17<\/td><td class=\"column-2\">De<\/td><td class=\"column-3\">Mariette Beyeler<\/td><td class=\"column-4\">Schweizer Gemeinde, 11\/2017, pp. 54-55<\/td><td class=\"column-5\"><a href=\"https:\/\/www.metamorphouse.ch\/wp-content\/uploads\/171101_schweizer_gemeinden.pdf\" rel=\"noopener\" target=\"_blank\">\u00abAuch Einfamilienhausquartiere lassen sich verdichten \u00bb<\/a><\/td>\n<\/tr>\n<tr class=\"row-19\">\n\t<td class=\"column-1\">01.11.17<\/td><td class=\"column-2\">Fr<\/td><td class=\"column-3\">Mariette Beyeler<\/td><td class=\"column-4\">Commune Suisse, 11\/2017, pp. 22-23<\/td><td class=\"column-5\"><a href=\"https:\/\/www.metamorphouse.ch\/wp-content\/uploads\/171101_communes_suisses.pdf\" rel=\"noopener\" target=\"_blank\">\u00abMa villa, mon jardin. Et si on y construisait encore un peu?\u00bb<\/a><\/td>\n<\/tr>\n<tr class=\"row-20\">\n\t<td class=\"column-1\">01.09.17<\/td><td class=\"column-2\">Fr<\/td><td class=\"column-3\">Mariette Beyeler<\/td><td class=\"column-4\">Office f\u00e9d\u00e9ral du d\u00e9veloppement territorial (ARE), Forum du d\u00e9veloppement territorial, 03\/2017, pp. 62-63<\/td><td class=\"column-5\"><a href=\"https:\/\/www.metamorphouse.ch\/wp-content\/uploads\/170901_forum_developpement.pdf\" rel=\"noopener\" target=\"_blank\">\u00abDensification d\u2019un quartier de villas\u00bb<\/a><\/td>\n<\/tr>\n<tr class=\"row-21\">\n\t<td class=\"column-1\">01.09.17<\/td><td class=\"column-2\">De<\/td><td class=\"column-3\">Mariette Beyeler<\/td><td class=\"column-4\">Bundesamt f\u00fcr Raumentwicklung (ARE), Forum Raumentwicklung, 03\/2017, pp. 28-29<\/td><td class=\"column-5\"><a href=\"https:\/\/www.metamorphouse.ch\/wp-content\/uploads\/170901_forum_raumentwicklung.pdf\" rel=\"noopener\" target=\"_blank\">\u00abInnenentwicklung im EFH-Quartier\u00bb<\/a><\/td>\n<\/tr>\n<tr class=\"row-22\">\n\t<td class=\"column-1\">01.03.17<\/td><td class=\"column-2\">Fr<\/td><td class=\"column-3\">Mariette Beyeler<\/td><td class=\"column-4\">Office f\u00e9d\u00e9ral du logement (OFL)<\/td><td class=\"column-5\"><a href=\"https:\/\/www.metamorphouse.ch\/wp-content\/uploads\/170301_metamorphouse_ofl_rapport_fr.pdf\" rel=\"noopener\" target=\"_blank\">\u00abM\u00e9tamorpHouse. Strat\u00e9gie de densification douce et choisie. Rapport final sur la mise en \u0153uvre pilote \u00e0 Villars-sur-Gl\u00e2ne\u00bb<\/a><\/td>\n<\/tr>\n<tr class=\"row-23\">\n\t<td class=\"column-1\">01.03.17<\/td><td class=\"column-2\">Fr<\/td><td class=\"column-3\">Mariette Beyeler<\/td><td class=\"column-4\">Office f\u00e9d\u00e9ral du logement (OFL)<\/td><td class=\"column-5\"><a href=\"https:\/\/www.metamorphouse.ch\/wp-content\/uploads\/170301_metamorphouse_ofl_resume_fr.pdf\" rel=\"noopener\" target=\"_blank\">\u00abM\u00e9tamorpHouse. Strat\u00e9gie de densification douce et choisie. R\u00e9sum\u00e9 du rapport final sur la mise en oeuvre pilote \u00e0 Villars-sur-Gl\u00e2ne\u00bb<\/a><\/td>\n<\/tr>\n<tr class=\"row-24\">\n\t<td class=\"column-1\">01.03.17<\/td><td class=\"column-2\">De<\/td><td class=\"column-3\">Mariette Beyeler<\/td><td class=\"column-4\">Bundesamt f\u00fcr Wohnungswesen (BWO)<\/td><td class=\"column-5\"><a href=\"https:\/\/www.metamorphouse.ch\/wp-content\/uploads\/170301_metamorphouse_ofl_zusammenfassung_de.pdf\" rel=\"noopener\" target=\"_blank\">\u00abMetamorpHouse. Strategie zur sanften Innenentwicklung. Pilotprojekt in Villars-sur- Gl\u00e2ne: Zusammenfassung des Schlussberichtes\u00bb<\/a><\/td>\n<\/tr>\n<tr class=\"row-25\">\n\t<td class=\"column-1\">20.11.15<\/td><td class=\"column-2\">Fr<\/td><td class=\"column-3\">Mariette Beyeler<\/td><td class=\"column-4\">Les cahiers de l\u2019ASPAN, Le futur de la zone villa, 20.11.2015, pp. 18-25<\/td><td class=\"column-5\"><a href=\"https:\/\/www.metamorphouse.ch\/wp-content\/uploads\/151120_cahiers_aspan.pdf\" rel=\"noopener\" target=\"_blank\">\u00abM\u00e9tamorpHouse, une strat\u00e9gie de densification douce et choisie\u00bb<\/a><\/td>\n<\/tr>\n<tr class=\"row-26\">\n\t<td class=\"column-1\">01.05.15<\/td><td class=\"column-2\">Fr<\/td><td class=\"column-3\">Mariette Beyeler<\/td><td class=\"column-4\">HabitatDurable, n\u00b0 31, 05\/2013, p. 3<\/td><td class=\"column-5\"><\/td>\n<\/tr>\n<tr class=\"row-27\">\n\t<td class=\"column-1\">21.09.14<\/td><td class=\"column-2\">Fr<\/td><td class=\"column-3\">Mariette Beyeler<\/td><td class=\"column-4\">Point Commun-e, n\u00b0 50, pp. 22-23<\/td><td class=\"column-5\"><a href=\"https:\/\/www.metamorphouse.ch\/wp-content\/uploads\/140921_point_commune.pdf\" rel=\"noopener\" target=\"_blank\">\u00abLa maison individuelle entre d\u00e9mographie et am\u00e9nagement du territoire\u00bb<\/a><\/td>\n<\/tr>\n<tr class=\"row-28\">\n\t<td class=\"column-1\">01.10.13<\/td><td class=\"column-2\">De<\/td><td class=\"column-3\">Mariette Beyeler<\/td><td class=\"column-4\">Collage, n\u00b0 5, 2013, pp. 14-17<\/td><td class=\"column-5\"><a href=\"https:\/\/www.metamorphouse.ch\/wp-content\/uploads\/130201_collage.pdf\" rel=\"noopener\" target=\"_blank\">\u00abEinfamilienh\u00e4user im Spannungsfeld zwischen Demografie und Raumplanung\u00bb<\/a><\/td>\n<\/tr>\n<tr class=\"row-29\">\n\t<td class=\"column-1\">01.02.13<\/td><td class=\"column-2\">De<\/td><td class=\"column-3\">Mariette Beyeler<\/td><td class=\"column-4\">Deutsches Architektur-Museum Frankfurt, Netzwerk Wohnen. Architektur f\u00fcr Generationen, Ausstellungskatalog 2013, pp. 44-191<\/td><td class=\"column-5\"><\/td>\n<\/tr>\n<tr class=\"row-30\">\n\t<td class=\"column-1\">01.05.11<\/td><td class=\"column-2\">De<\/td><td class=\"column-3\">Mariette Beyeler<\/td><td class=\"column-4\">Immobilia, n\u00b0 5, 05\/2011, pp. 42-45<\/td><td class=\"column-5\"><a href=\"https:\/\/www.metamorphouse.ch\/wp-content\/uploads\/110501_Immobilia.pdf\" rel=\"noopener\" target=\"_blank\">\u00abWohnenbleiben. Neue Wohnform in alter Umgebung\u00bb<\/a><\/td>\n<\/tr>\n<\/tbody>\n<\/table>\n<\/div>\n<!-- #tablepress-3 from cache --><\/div>\n\t\t\t\t\t\t<\/div>\n\t\t\t\t<\/div>\n\t\t\t\t\t<\/div>\n\t\t\t\t<\/div>\n\t\t\t\t<\/div>","protected":false},"excerpt":{"rendered":"<p>Publications de M\u00e9tamorpHouse 29 M\u00e9tamorpHouse dans les m\u00e9dias Publications de M\u00e9tamorpHouse Expertises de M\u00e9tamorpHouse Conf\u00e9rences de M\u00e9tamorpHouse Les documents joints sont soumis \u00e0 leur propre copyright.<\/p>","protected":false},"author":1,"featured_media":0,"parent":0,"menu_order":0,"comment_status":"closed","ping_status":"closed","template":"","meta":{"footnotes":""},"class_list":["post-7159","page","type-page","status-publish","hentry"],"_links":{"self":[{"href":"https:\/\/www.metamorphouse.ch\/de\/wp-json\/wp\/v2\/pages\/7159","targetHints":{"allow":["GET"]}}],"collection":[{"href":"https:\/\/www.metamorphouse.ch\/de\/wp-json\/wp\/v2\/pages"}],"about":[{"href":"https:\/\/www.metamorphouse.ch\/de\/wp-json\/wp\/v2\/types\/page"}],"author":[{"embeddable":true,"href":"https:\/\/www.metamorphouse.ch\/de\/wp-json\/wp\/v2\/users\/1"}],"replies":[{"embeddable":true,"href":"https:\/\/www.metamorphouse.ch\/de\/wp-json\/wp\/v2\/comments?post=7159"}],"version-history":[{"count":0,"href":"https:\/\/www.metamorphouse.ch\/de\/wp-json\/wp\/v2\/pages\/7159\/revisions"}],"wp:attachment":[{"href":"https:\/\/www.metamorphouse.ch\/de\/wp-json\/wp\/v2\/media?parent=7159"}],"curies":[{"name":"wp","href":"https:\/\/api.w.org\/{rel}","templated":true}]}}