{"id":7236,"date":"2023-10-25T10:45:34","date_gmt":"2023-10-25T08:45:34","guid":{"rendered":"https:\/\/www.metamorphouse.ch\/?page_id=7236"},"modified":"2025-05-08T10:18:57","modified_gmt":"2025-05-08T09:18:57","slug":"expertisen-von-metamorphouse","status":"publish","type":"page","link":"https:\/\/www.metamorphouse.ch\/de\/expertises-de-metamorphouse\/","title":{"rendered":"Expertisen von MetamorpHouse"},"content":{"rendered":"<div data-elementor-type=\"wp-page\" data-elementor-id=\"7236\" class=\"elementor elementor-7236\" data-elementor-post-type=\"page\">\n\t\t\t\t<div class=\"elementor-element elementor-element-e0c5974 e-flex e-con-boxed e-con e-parent\" data-id=\"e0c5974\" data-element_type=\"container\" data-e-type=\"container\">\n\t\t\t\t\t<div class=\"e-con-inner\">\n\t\t<div class=\"elementor-element elementor-element-9093065 e-con-full e-flex e-con e-child\" data-id=\"9093065\" data-element_type=\"container\" data-e-type=\"container\">\n\t\t\t\t<div class=\"elementor-element elementor-element-3774394 elementor-widget-mobile__width-initial elementor-widget elementor-widget-heading\" data-id=\"3774394\" data-element_type=\"widget\" data-e-type=\"widget\" data-widget_type=\"heading.default\">\n\t\t\t\t<div class=\"elementor-widget-container\">\n\t\t\t\t\t<h2 class=\"elementor-heading-title elementor-size-default\">Expertisen von MetamorpHouse<\/h2>\t\t\t\t<\/div>\n\t\t\t\t<\/div>\n\t\t\t\t<div class=\"elementor-element elementor-element-37bd4a2 elementor-widget elementor-widget-button\" data-id=\"37bd4a2\" data-element_type=\"widget\" data-e-type=\"widget\" data-widget_type=\"button.default\">\n\t\t\t\t<div class=\"elementor-widget-container\">\n\t\t\t\t\t\t\t\t\t<div class=\"elementor-button-wrapper\">\n\t\t\t\t\t<a class=\"elementor-button elementor-size-xs\" role=\"button\">\n\t\t\t\t\t\t<span class=\"elementor-button-content-wrapper\">\n\t\t\t\t\t\t\t\t\t<span class=\"elementor-button-text\">20<\/span>\n\t\t\t\t\t<\/span>\n\t\t\t\t\t<\/a>\n\t\t\t\t<\/div>\n\t\t\t\t\t\t\t\t<\/div>\n\t\t\t\t<\/div>\n\t\t\t\t<\/div>\n\t\t\t\t<div class=\"elementor-element elementor-element-d7a3c85 elementor-icon-list--layout-traditional elementor-list-item-link-full_width elementor-widget elementor-widget-icon-list\" data-id=\"d7a3c85\" data-element_type=\"widget\" data-e-type=\"widget\" data-widget_type=\"icon-list.default\">\n\t\t\t\t<div class=\"elementor-widget-container\">\n\t\t\t\t\t\t\t<ul class=\"elementor-icon-list-items\">\n\t\t\t\t\t\t\t<li class=\"elementor-icon-list-item\">\n\t\t\t\t\t\t\t\t\t\t\t<a href=\"https:\/\/www.metamorphouse.ch\/de\/metamorphouse-dans-les-medias\/\">\n\n\t\t\t\t\t\t\t\t\t\t\t\t<span class=\"elementor-icon-list-icon\">\n\t\t\t\t\t\t\t<i aria-hidden=\"true\" class=\"fas fa-arrow-right\"><\/i>\t\t\t\t\t\t<\/span>\n\t\t\t\t\t\t\t\t\t\t<span class=\"elementor-icon-list-text\">MetamorpHouse in den Medien<\/span>\n\t\t\t\t\t\t\t\t\t\t\t<\/a>\n\t\t\t\t\t\t\t\t\t<\/li>\n\t\t\t\t\t\t\t\t<li class=\"elementor-icon-list-item\">\n\t\t\t\t\t\t\t\t\t\t\t<a href=\"https:\/\/www.metamorphouse.ch\/de\/publications-de-metamorphouse\/\">\n\n\t\t\t\t\t\t\t\t\t\t\t\t<span class=\"elementor-icon-list-icon\">\n\t\t\t\t\t\t\t<i aria-hidden=\"true\" class=\"fas fa-arrow-right\"><\/i>\t\t\t\t\t\t<\/span>\n\t\t\t\t\t\t\t\t\t\t<span class=\"elementor-icon-list-text\">Publikationen von MetamorpHouse<\/span>\n\t\t\t\t\t\t\t\t\t\t\t<\/a>\n\t\t\t\t\t\t\t\t\t<\/li>\n\t\t\t\t\t\t\t\t<li class=\"elementor-icon-list-item\">\n\t\t\t\t\t\t\t\t\t\t\t<span class=\"elementor-icon-list-icon\">\n\t\t\t\t\t\t\t<i aria-hidden=\"true\" class=\"fas fa-arrow-right\"><\/i>\t\t\t\t\t\t<\/span>\n\t\t\t\t\t\t\t\t\t\t<span class=\"elementor-icon-list-text\">Expertisen von MetamorpHouse<\/span>\n\t\t\t\t\t\t\t\t\t<\/li>\n\t\t\t\t\t\t\t\t<li class=\"elementor-icon-list-item\">\n\t\t\t\t\t\t\t\t\t\t\t<a href=\"https:\/\/www.metamorphouse.ch\/de\/conferences-de-metamorphouse\/\">\n\n\t\t\t\t\t\t\t\t\t\t\t\t<span class=\"elementor-icon-list-icon\">\n\t\t\t\t\t\t\t<i aria-hidden=\"true\" class=\"fas fa-arrow-right\"><\/i>\t\t\t\t\t\t<\/span>\n\t\t\t\t\t\t\t\t\t\t<span class=\"elementor-icon-list-text\">Vortr\u00e4ge von MetamorpHouse<\/span>\n\t\t\t\t\t\t\t\t\t\t\t<\/a>\n\t\t\t\t\t\t\t\t\t<\/li>\n\t\t\t\t\t\t<\/ul>\n\t\t\t\t\t\t<\/div>\n\t\t\t\t<\/div>\n\t\t\t\t<div class=\"elementor-element elementor-element-3b926c6 elementor-widget elementor-widget-shortcode\" data-id=\"3b926c6\" data-element_type=\"widget\" data-e-type=\"widget\" data-widget_type=\"shortcode.default\">\n\t\t\t\t<div class=\"elementor-widget-container\">\n\t\t\t\t\t\t\t<div class=\"elementor-shortcode\">\n<div id=\"tablepress-2-scroll-wrapper\" class=\"tablepress-scroll-wrapper\">\n<table id=\"tablepress-2\" class=\"tablepress tablepress-id-2 tablepress-responsive\">\n<thead>\n<tr class=\"row-1\">\n\t<th class=\"column-1\">Datum<\/th><th class=\"column-2\">Sprache<\/th><th class=\"column-3\">Ort<\/th><th class=\"column-4\">Hintergrund<\/th>\n<\/tr>\n<\/thead>\n<tbody class=\"row-striping row-hover\" data-no-translation=\"\">\n<tr class=\"row-2\">\n\t<td class=\"column-1\">2024<\/td><td class=\"column-2\">De<\/td><td class=\"column-3\">Dornbirn (A)<\/td><td class=\"column-4\">Energieinstitut Vorarlberg. Erfahrungsaustausch: Einfamilienhausquartiere nachverdichten: Wie erreichen wir die Eigent\u00fcmer*innen?<\/td>\n<\/tr>\n<tr class=\"row-3\">\n\t<td class=\"column-1\">2024<\/td><td class=\"column-2\">Fr<\/td><td class=\"column-3\">Echandens<\/td><td class=\"column-4\">R\u00e9vision du PACom<\/td>\n<\/tr>\n<tr class=\"row-4\">\n\t<td class=\"column-1\">2023<\/td><td class=\"column-2\">Fr<\/td><td class=\"column-3\">R\u00e9gion Morges<\/td><td class=\"column-4\">Densification douce et identit\u00e9 r\u00e9gionale<\/td>\n<\/tr>\n<tr class=\"row-5\">\n\t<td class=\"column-1\">2022<\/td><td class=\"column-2\">Fr<\/td><td class=\"column-3\">Tramelan<\/td><td class=\"column-4\">Canton de Berne. Office des affaires communales et de l\u2019organisation du territoire (OACOT). Programme URBiplus. Mettre en \u0153uvre l\u2019urbanisation interne<\/td>\n<\/tr>\n<tr class=\"row-6\">\n\t<td class=\"column-1\">2022<\/td><td class=\"column-2\">De<\/td><td class=\"column-3\">Bern<\/td><td class=\"column-4\">Kanton Bern. Amt f\u00fcr Gemeinden und Raumordnung (AGR). Programm SEINplus. Innenentwicklung umsetzen<\/td>\n<\/tr>\n<tr class=\"row-7\">\n\t<td class=\"column-1\">2021<\/td><td class=\"column-2\">De<\/td><td class=\"column-3\">Z\u00fcrich<\/td><td class=\"column-4\">Kanton Z\u00fcrich. Amt f\u00fcr Raumentwicklung (ARE). Altersdurchmischtes Wohnen im Kanton Z\u00fcrich. Weiterentwicklung bestehender Siedlungs- und Geb\u00e4udestrukturen f\u00fcr k\u00fcnftige Lebens- und Wohnformen einer \u00e4lter werdenden Gesellschaft<\/td>\n<\/tr>\n<tr class=\"row-8\">\n\t<td class=\"column-1\">2020<\/td><td class=\"column-2\">De<\/td><td class=\"column-3\">Z\u00fcrich<\/td><td class=\"column-4\">Planungsverband Region Z\u00fcrich und Umgebung (RZU). Entwicklungsoptionen EFH<\/td>\n<\/tr>\n<tr class=\"row-9\">\n\t<td class=\"column-1\">2019<\/td><td class=\"column-2\">De<\/td><td class=\"column-3\">Deutschschweiz<\/td><td class=\"column-4\">Nationales Forschungsprogramm NFP 71. Steuerung des Energieverbrauchs. Nachfolgeprojekt. Energieeffizientes Wohnen im Alter<\/td>\n<\/tr>\n<tr class=\"row-10\">\n\t<td class=\"column-1\">2019<\/td><td class=\"column-2\">Fr<\/td><td class=\"column-3\">Suisse romande<\/td><td class=\"column-4\">Programme national de recherche PNR 71. G\u00e9rer la consommation d'\u00e9nergie. Projet de suivi. Potentiel d'\u00e9conomies d'\u00e9nergie chez les m\u00e9nages des personnes \u00e2g\u00e9es<\/td>\n<\/tr>\n<tr class=\"row-11\">\n\t<td class=\"column-1\">2019<\/td><td class=\"column-2\">Fr<\/td><td class=\"column-3\">Villars-sur-Gl\u00e2ne<\/td><td class=\"column-4\">Commune de Villars-sur-Gl\u00e2ne. Densification de la zone villa.  Encadrement r\u00e8glementaire de la densification<\/td>\n<\/tr>\n<tr class=\"row-12\">\n\t<td class=\"column-1\">2019<\/td><td class=\"column-2\">Fr<\/td><td class=\"column-3\">Lausanne<\/td><td class=\"column-4\">\u00c9tat de Vaud. Direction g\u00e9n\u00e9rale du territoire et du logement (DGTL).  Freins et leviers pour la densification douce<\/td>\n<\/tr>\n<tr class=\"row-13\">\n\t<td class=\"column-1\">2019<\/td><td class=\"column-2\">De<\/td><td class=\"column-3\">Grenchen<\/td><td class=\"column-4\">Grenchner Wohntage. Wie ist zeitgem\u00e4sses Wohnen im Bestand zuk\u00fcnftig m\u00f6glich? Synth\u00e8se<\/td>\n<\/tr>\n<tr class=\"row-14\">\n\t<td class=\"column-1\">2019<\/td><td class=\"column-2\">De<\/td><td class=\"column-3\">Z\u00fcrich<\/td><td class=\"column-4\">Z\u00fcrcher Hochschule f\u00fcr Angewandte Wissenschaften (ZHAW). EFH-Siedlungen verdichten. Master-Studio<\/td>\n<\/tr>\n<tr class=\"row-15\">\n\t<td class=\"column-1\">2018<\/td><td class=\"column-2\">Fr<\/td><td class=\"column-3\">Canton de Vaud<\/td><td class=\"column-4\">\u00c9tat de Vaud. Direction g\u00e9n\u00e9rale du territoire et du logement (DGTL).  Activation des r\u00e9serves \u00e0 b\u00e2tir dasn les zones de tr\u00e8s faible densit\u00e9<\/td>\n<\/tr>\n<tr class=\"row-16\">\n\t<td class=\"column-1\">2018<\/td><td class=\"column-2\">De<\/td><td class=\"column-3\">Z\u00fcrich<\/td><td class=\"column-4\">Nationales Forschungsprogramm NFP 71. Steuerung des Energieverbrauchs. Transferprojekt. Energieeffizientes Wohnen im Alter<\/td>\n<\/tr>\n<tr class=\"row-17\">\n\t<td class=\"column-1\">2018<\/td><td class=\"column-2\">Fr<\/td><td class=\"column-3\">Bulle<\/td><td class=\"column-4\">Ville de Bulle. Mandat d'\u00e9tudes parall\u00e8les Granges-Baladins. Coll\u00e8ge d\u2019\u00e9valuation et d\u2019accompagnement<\/td>\n<\/tr>\n<tr class=\"row-18\">\n\t<td class=\"column-1\">2018<\/td><td class=\"column-2\">De<\/td><td class=\"column-3\">Z\u00fcrich<\/td><td class=\"column-4\">Z\u00fcrcher Hochschule f\u00fcr Angewandte Wissenschaften (ZHAW). Verdichtungspotenziale von EFH-Siedlungen. Forschungsprojekt<\/td>\n<\/tr>\n<tr class=\"row-19\">\n\t<td class=\"column-1\">2017<\/td><td class=\"column-2\">De<\/td><td class=\"column-3\">Z\u00fcrich<\/td><td class=\"column-4\">Nationales Forschungsprogramm NFP 71. Steuerung des Energieverbrauchs. Begleitgruppe. Energieeffizienz und -suffizienzpotenziale von \u00e4lteren Haushalten<\/td>\n<\/tr>\n<tr class=\"row-20\">\n\t<td class=\"column-1\">2017<\/td><td class=\"column-2\">De<\/td><td class=\"column-3\">Golaten<\/td><td class=\"column-4\">Regionalkonferenz Bern-Mittelland. Innenentwicklung: Potenziale aktivieren. Leitbildprozess<\/td>\n<\/tr>\n<tr class=\"row-21\">\n\t<td class=\"column-1\">2016<\/td><td class=\"column-2\">Fr<\/td><td class=\"column-3\">St. Prex<\/td><td class=\"column-4\">R\u00e9gion Morges. Valorisation de la zone \u00e0 b\u00e2tir. Outils pour valoriser les zones \u00e0 b\u00e2tir<\/td>\n<\/tr>\n<\/tbody>\n<\/table>\n<\/div>\n<!-- #tablepress-2 from cache --><\/div>\n\t\t\t\t\t\t<\/div>\n\t\t\t\t<\/div>\n\t\t\t\t\t<\/div>\n\t\t\t\t<\/div>\n\t\t\t\t<\/div>","protected":false},"excerpt":{"rendered":"<p>Expertises de M\u00e9tamorpHouse 20 M\u00e9tamorpHouse dans les m\u00e9dias Publications de M\u00e9tamorpHouse Expertises de M\u00e9tamorpHouse Conf\u00e9rences de M\u00e9tamorpHouse<\/p>","protected":false},"author":1,"featured_media":0,"parent":0,"menu_order":0,"comment_status":"closed","ping_status":"closed","template":"","meta":{"footnotes":""},"class_list":["post-7236","page","type-page","status-publish","hentry"],"_links":{"self":[{"href":"https:\/\/www.metamorphouse.ch\/de\/wp-json\/wp\/v2\/pages\/7236","targetHints":{"allow":["GET"]}}],"collection":[{"href":"https:\/\/www.metamorphouse.ch\/de\/wp-json\/wp\/v2\/pages"}],"about":[{"href":"https:\/\/www.metamorphouse.ch\/de\/wp-json\/wp\/v2\/types\/page"}],"author":[{"embeddable":true,"href":"https:\/\/www.metamorphouse.ch\/de\/wp-json\/wp\/v2\/users\/1"}],"replies":[{"embeddable":true,"href":"https:\/\/www.metamorphouse.ch\/de\/wp-json\/wp\/v2\/comments?post=7236"}],"version-history":[{"count":3,"href":"https:\/\/www.metamorphouse.ch\/de\/wp-json\/wp\/v2\/pages\/7236\/revisions"}],"predecessor-version":[{"id":19891,"href":"https:\/\/www.metamorphouse.ch\/de\/wp-json\/wp\/v2\/pages\/7236\/revisions\/19891"}],"wp:attachment":[{"href":"https:\/\/www.metamorphouse.ch\/de\/wp-json\/wp\/v2\/media?parent=7236"}],"curies":[{"name":"wp","href":"https:\/\/api.w.org\/{rel}","templated":true}]}}